{"id":42,"date":"2021-03-16T10:52:43","date_gmt":"2021-03-16T10:52:43","guid":{"rendered":"https:\/\/grupomartinturiel.es\/?page_id=42"},"modified":"2021-03-17T10:06:33","modified_gmt":"2021-03-17T10:06:33","slug":"trabaja-con-nosotros","status":"publish","type":"page","link":"https:\/\/grupomartinturiel.es\/?page_id=42","title":{"rendered":"Trabaja con nosotros"},"content":{"rendered":"\n<h2 class=\"wp-block-heading\">\u00bfQuieres trabajar con nosotros?<\/h2>\n\n\n\n<p><strong>Env\u00edanos tu curriculum<\/strong><\/p>\n\n\n\n<p>\u00bfTe gustar\u00eda ser parte de un grupo de empresas dedicadas a la formaci\u00f3n? \u2013 Comparte tu talento, conocimiento y entusiasmo, en una organizaci\u00f3n donde tendr\u00e1s la oportunidad de desarrollar tu trayectoria profesional de acuerdo con tus aptitudes. \u2013 Demuestra tu capacidad y voluntad de contribuir a la formaci\u00f3n de nuevas generaciones de profesionales. \u2013 Ay\u00fadanos a seguir creciendo y mejorando en el campo de la formaci\u00f3n.&nbsp;<strong>Ven y forma parte de Grupo Mart\u00edn Turiel!<\/strong><\/p>\n\n\n\n<div class=\"wp-block-contact-form-7-contact-form-selector\">\n<div class=\"wpcf7 no-js\" id=\"wpcf7-f38-o1\" lang=\"es-ES\" dir=\"ltr\" data-wpcf7-id=\"38\">\n<div class=\"screen-reader-response\"><p role=\"status\" aria-live=\"polite\" aria-atomic=\"true\"><\/p> <ul><\/ul><\/div>\n<form action=\"\/index.php?rest_route=%2Fwp%2Fv2%2Fpages%2F42#wpcf7-f38-o1\" method=\"post\" class=\"wpcf7-form init\" aria-label=\"Formulario de contacto\" enctype=\"multipart\/form-data\" novalidate=\"novalidate\" data-status=\"init\">\n<fieldset class=\"hidden-fields-container\"><input type=\"hidden\" name=\"_wpcf7\" value=\"38\" \/><input type=\"hidden\" name=\"_wpcf7_version\" value=\"6.1.5\" \/><input type=\"hidden\" name=\"_wpcf7_locale\" value=\"es_ES\" \/><input type=\"hidden\" name=\"_wpcf7_unit_tag\" value=\"wpcf7-f38-o1\" \/><input type=\"hidden\" name=\"_wpcf7_container_post\" value=\"0\" \/><input type=\"hidden\" name=\"_wpcf7_posted_data_hash\" value=\"\" \/><input type=\"hidden\" name=\"_wpcf7_recaptcha_response\" value=\"\" \/>\n<\/fieldset>\n<p><label> Nombre <span style=\"color:#ff0000;\">(*)<\/span><br \/>\n<span class=\"wpcf7-form-control-wrap\" data-name=\"nombre\"><input size=\"40\" maxlength=\"400\" class=\"wpcf7-form-control wpcf7-text wpcf7-validates-as-required\" aria-required=\"true\" aria-invalid=\"false\" value=\"\" type=\"text\" name=\"nombre\" \/><\/span> <\/label>\n<\/p>\n<p><label> Correo electr\u00f3nico <span style=\"color:#ff0000;\">(*)<\/span><br \/>\n<span class=\"wpcf7-form-control-wrap\" data-name=\"email\"><input size=\"40\" maxlength=\"400\" class=\"wpcf7-form-control wpcf7-email wpcf7-validates-as-required wpcf7-text wpcf7-validates-as-email\" aria-required=\"true\" aria-invalid=\"false\" value=\"\" type=\"email\" name=\"email\" \/><\/span> <\/label>\n<\/p>\n<p><label> Tel\u00e9fono <span style=\"color:#ff0000;\">(*)<\/span><br \/>\n<span class=\"wpcf7-form-control-wrap\" data-name=\"telefono\"><input size=\"40\" maxlength=\"400\" class=\"wpcf7-form-control wpcf7-text wpcf7-validates-as-required\" aria-required=\"true\" aria-invalid=\"false\" value=\"\" type=\"text\" name=\"telefono\" \/><\/span> <\/label>\n<\/p>\n<p><label> Adjunta tu curriculum (Formatos admitidos: pdf, doc, docx, odt):<br \/>\n<span class=\"wpcf7-form-control-wrap\" data-name=\"curriculum\"><input size=\"40\" class=\"wpcf7-form-control wpcf7-file\" accept=\".pdf,.doc,.docx,.odt\" aria-invalid=\"false\" type=\"file\" name=\"curriculum\" \/><\/span> <\/label>\n<\/p>\n<p><span class=\"wpcf7-form-control-wrap\" data-name=\"consentimiento_1\"><span class=\"wpcf7-form-control wpcf7-acceptance\"><span class=\"wpcf7-list-item\"><label><input type=\"checkbox\" name=\"consentimiento_1\" value=\"1\" aria-invalid=\"false\" \/><span class=\"wpcf7-list-item-label\">Usted consiente, a trav\u00e9s de la marcaci\u00f3n de la presente casilla, al tratamiento de sus datos con las finalidades descritas en la Pol\u00edtica de Privacidad. <span style=\"color:#ff0000;\">(*)<\/span><\/span><\/label><\/span><\/span><\/span>\n<\/p>\n<p><span class=\"wpcf7-form-control-wrap\" data-name=\"consentimiento_2\"><span class=\"wpcf7-form-control wpcf7-acceptance\"><span class=\"wpcf7-list-item\"><label><input type=\"checkbox\" name=\"consentimiento_2\" value=\"1\" aria-invalid=\"false\" \/><span class=\"wpcf7-list-item-label\">Usted declara, a trav\u00e9s de la marcaci\u00f3n de la presente casilla, bajo su propia responsabilidad, tener cumplidos los catorce a\u00f1os de edad, respondiendo de manera exclusiva y personal de la veracidad de dicha declaraci\u00f3n y asumiendo, por ende, las posibles responsabilidades legales al respecto. <span style=\"color:#ff0000;\">(*)<\/span><\/span><\/label><\/span><\/span><\/span>\n<\/p>\n<p><span class=\"wpcf7-form-control-wrap\" data-name=\"consentimiento_3\"><span class=\"wpcf7-form-control wpcf7-acceptance\"><span class=\"wpcf7-list-item\"><label><input type=\"checkbox\" name=\"consentimiento_3\" value=\"1\" aria-invalid=\"false\" \/><span class=\"wpcf7-list-item-label\">Usted consiente, a trav\u00e9s de la marcaci\u00f3n de la presente casilla, para la recepci\u00f3n de comunicaciones comerciales y de cortes\u00eda relacionadas con nuestra entidad a trav\u00e9s del tel\u00e9fono, correo postal ordinario, fax, correo electr\u00f3nico o medios de comunicaci\u00f3n electr\u00f3nica equivalentes. <span style=\"color:#ff0000;\">(*)<\/span><\/span><\/label><\/span><\/span><\/span>\n<\/p>\n\n<p><span style=\"color:#b2b2b2;\">Este sitio est\u00e1 protegido por reCAPTCHA y se aplican la <a href=\"https:\/\/policies.google.com\/privacy\" target=\"_blank\">Pol\u00edtica de privacidad<\/a> y <a href=\"https:\/\/policies.google.com\/terms\" target=\"_blank\">T\u00e9rminos de servicio<\/a> de Google.<\/span>\n<\/p>\n<p><input class=\"wpcf7-form-control wpcf7-submit has-spinner\" type=\"submit\" value=\"Enviar\" \/>\n<\/p><div class=\"wpcf7-response-output\" aria-hidden=\"true\"><\/div>\n<\/form>\n<\/div>\n<\/div>\n","protected":false},"excerpt":{"rendered":"<p>\u00bfQuieres trabajar con nosotros? Env\u00edanos tu curriculum \u00bfTe gustar\u00eda ser parte de un grupo de empresas dedicadas a la formaci\u00f3n? \u2013 Comparte tu talento, conocimiento y entusiasmo, en una organizaci\u00f3n donde tendr\u00e1s la oportunidad de desarrollar tu trayectoria profesional de acuerdo con tus aptitudes. \u2013 Demuestra tu capacidad y voluntad de contribuir a la formaci\u00f3n &hellip;<\/p>\n<p class=\"read-more\"> <a class=\"\" href=\"https:\/\/grupomartinturiel.es\/?page_id=42\"> <span class=\"screen-reader-text\">Trabaja con nosotros<\/span> Leer m\u00e1s &raquo;<\/a><\/p>\n","protected":false},"author":1,"featured_media":0,"parent":0,"menu_order":0,"comment_status":"closed","ping_status":"closed","template":"","meta":{"site-sidebar-layout":"left-sidebar","site-content-layout":"default","ast-site-content-layout":"","site-content-style":"default","site-sidebar-style":"default","ast-global-header-display":"","ast-banner-title-visibility":"","ast-main-header-display":"","ast-hfb-above-header-display":"","ast-hfb-below-header-display":"","ast-hfb-mobile-header-display":"","site-post-title":"","ast-breadcrumbs-content":"","ast-featured-img":"","footer-sml-layout":"","theme-transparent-header-meta":"default","adv-header-id-meta":"","stick-header-meta":"","header-above-stick-meta":"","header-main-stick-meta":"","header-below-stick-meta":"","astra-migrate-meta-layouts":"","ast-page-background-enabled":"default","ast-page-background-meta":{"desktop":{"background-color":"","background-image":"","background-repeat":"repeat","background-position":"center center","background-size":"auto","background-attachment":"scroll","background-type":"","background-media":"","overlay-type":"","overlay-color":"","overlay-gradient":""},"tablet":{"background-color":"","background-image":"","background-repeat":"repeat","background-position":"center center","background-size":"auto","background-attachment":"scroll","background-type":"","background-media":"","overlay-type":"","overlay-color":"","overlay-gradient":""},"mobile":{"background-color":"","background-image":"","background-repeat":"repeat","background-position":"center center","background-size":"auto","background-attachment":"scroll","background-type":"","background-media":"","overlay-type":"","overlay-color":"","overlay-gradient":""}},"ast-content-background-meta":{"desktop":{"background-color":"var(--ast-global-color-5)","background-image":"","background-repeat":"repeat","background-position":"center center","background-size":"auto","background-attachment":"scroll","background-type":"","background-media":"","overlay-type":"","overlay-color":"","overlay-gradient":""},"tablet":{"background-color":"var(--ast-global-color-5)","background-image":"","background-repeat":"repeat","background-position":"center center","background-size":"auto","background-attachment":"scroll","background-type":"","background-media":"","overlay-type":"","overlay-color":"","overlay-gradient":""},"mobile":{"background-color":"var(--ast-global-color-5)","background-image":"","background-repeat":"repeat","background-position":"center center","background-size":"auto","background-attachment":"scroll","background-type":"","background-media":"","overlay-type":"","overlay-color":"","overlay-gradient":""}},"footnotes":""},"class_list":["post-42","page","type-page","status-publish","hentry"],"yoast_head":"<!-- This site is optimized with the Yoast SEO plugin v27.3 - https:\/\/yoast.com\/product\/yoast-seo-wordpress\/ -->\n<title>Trabaja con nosotros - Grupo Martin Turiel<\/title>\n<meta name=\"robots\" content=\"index, follow, max-snippet:-1, max-image-preview:large, max-video-preview:-1\" \/>\n<link rel=\"canonical\" href=\"https:\/\/grupomartinturiel.es\/?page_id=42\" \/>\n<meta property=\"og:locale\" content=\"es_ES\" \/>\n<meta property=\"og:type\" content=\"article\" \/>\n<meta property=\"og:title\" content=\"Trabaja con nosotros - Grupo Martin Turiel\" \/>\n<meta property=\"og:description\" content=\"\u00bfQuieres trabajar con nosotros? Env\u00edanos tu curriculum \u00bfTe gustar\u00eda ser parte de un grupo de empresas dedicadas a la formaci\u00f3n? \u2013 Comparte tu talento, conocimiento y entusiasmo, en una organizaci\u00f3n donde tendr\u00e1s la oportunidad de desarrollar tu trayectoria profesional de acuerdo con tus aptitudes. \u2013 Demuestra tu capacidad y voluntad de contribuir a la formaci\u00f3n &hellip; Trabaja con nosotros Leer m\u00e1s &raquo;\" \/>\n<meta property=\"og:url\" content=\"https:\/\/grupomartinturiel.es\/?page_id=42\" \/>\n<meta property=\"og:site_name\" content=\"Grupo Martin Turiel\" \/>\n<meta property=\"article:publisher\" content=\"https:\/\/www.facebook.com\/grupomartinturiel\/\" \/>\n<meta property=\"article:modified_time\" content=\"2021-03-17T10:06:33+00:00\" \/>\n<meta name=\"twitter:card\" content=\"summary_large_image\" \/>\n<meta name=\"twitter:site\" content=\"@gmartinturiel\" \/>\n<script type=\"application\/ld+json\" class=\"yoast-schema-graph\">{\"@context\":\"https:\\\/\\\/schema.org\",\"@graph\":[{\"@type\":\"WebPage\",\"@id\":\"https:\\\/\\\/grupomartinturiel.es\\\/?page_id=42\",\"url\":\"https:\\\/\\\/grupomartinturiel.es\\\/?page_id=42\",\"name\":\"Trabaja con nosotros - Grupo Martin Turiel\",\"isPartOf\":{\"@id\":\"https:\\\/\\\/grupomartinturiel.es\\\/#website\"},\"datePublished\":\"2021-03-16T10:52:43+00:00\",\"dateModified\":\"2021-03-17T10:06:33+00:00\",\"breadcrumb\":{\"@id\":\"https:\\\/\\\/grupomartinturiel.es\\\/?page_id=42#breadcrumb\"},\"inLanguage\":\"es\",\"potentialAction\":[{\"@type\":\"ReadAction\",\"target\":[\"https:\\\/\\\/grupomartinturiel.es\\\/?page_id=42\"]}]},{\"@type\":\"BreadcrumbList\",\"@id\":\"https:\\\/\\\/grupomartinturiel.es\\\/?page_id=42#breadcrumb\",\"itemListElement\":[{\"@type\":\"ListItem\",\"position\":1,\"name\":\"Portada\",\"item\":\"https:\\\/\\\/grupomartinturiel.es\\\/\"},{\"@type\":\"ListItem\",\"position\":2,\"name\":\"Trabaja con nosotros\"}]},{\"@type\":\"WebSite\",\"@id\":\"https:\\\/\\\/grupomartinturiel.es\\\/#website\",\"url\":\"https:\\\/\\\/grupomartinturiel.es\\\/\",\"name\":\"Grupo Martin Turiel\",\"description\":\"\",\"publisher\":{\"@id\":\"https:\\\/\\\/grupomartinturiel.es\\\/#organization\"},\"potentialAction\":[{\"@type\":\"SearchAction\",\"target\":{\"@type\":\"EntryPoint\",\"urlTemplate\":\"https:\\\/\\\/grupomartinturiel.es\\\/?s={search_term_string}\"},\"query-input\":{\"@type\":\"PropertyValueSpecification\",\"valueRequired\":true,\"valueName\":\"search_term_string\"}}],\"inLanguage\":\"es\"},{\"@type\":\"Organization\",\"@id\":\"https:\\\/\\\/grupomartinturiel.es\\\/#organization\",\"name\":\"Grupo Martin Turiel, S.L.\",\"url\":\"https:\\\/\\\/grupomartinturiel.es\\\/\",\"logo\":{\"@type\":\"ImageObject\",\"inLanguage\":\"es\",\"@id\":\"https:\\\/\\\/grupomartinturiel.es\\\/#\\\/schema\\\/logo\\\/image\\\/\",\"url\":\"https:\\\/\\\/grupomartinturiel.es\\\/wp-content\\\/uploads\\\/2021\\\/03\\\/cropped-Logo-web-2.png\",\"contentUrl\":\"https:\\\/\\\/grupomartinturiel.es\\\/wp-content\\\/uploads\\\/2021\\\/03\\\/cropped-Logo-web-2.png\",\"width\":200,\"height\":94,\"caption\":\"Grupo Martin Turiel, S.L.\"},\"image\":{\"@id\":\"https:\\\/\\\/grupomartinturiel.es\\\/#\\\/schema\\\/logo\\\/image\\\/\"},\"sameAs\":[\"https:\\\/\\\/www.facebook.com\\\/grupomartinturiel\\\/\",\"https:\\\/\\\/x.com\\\/gmartinturiel\",\"https:\\\/\\\/www.instagram.com\\\/Grupomartinturiel\\\/\",\"https:\\\/\\\/www.linkedin.com\\\/company\\\/grupo-martin-turiel\"]}]}<\/script>\n<!-- \/ Yoast SEO plugin. -->","yoast_head_json":{"title":"Trabaja con nosotros - Grupo Martin Turiel","robots":{"index":"index","follow":"follow","max-snippet":"max-snippet:-1","max-image-preview":"max-image-preview:large","max-video-preview":"max-video-preview:-1"},"canonical":"https:\/\/grupomartinturiel.es\/?page_id=42","og_locale":"es_ES","og_type":"article","og_title":"Trabaja con nosotros - Grupo Martin Turiel","og_description":"\u00bfQuieres trabajar con nosotros? Env\u00edanos tu curriculum \u00bfTe gustar\u00eda ser parte de un grupo de empresas dedicadas a la formaci\u00f3n? \u2013 Comparte tu talento, conocimiento y entusiasmo, en una organizaci\u00f3n donde tendr\u00e1s la oportunidad de desarrollar tu trayectoria profesional de acuerdo con tus aptitudes. \u2013 Demuestra tu capacidad y voluntad de contribuir a la formaci\u00f3n &hellip; Trabaja con nosotros Leer m\u00e1s &raquo;","og_url":"https:\/\/grupomartinturiel.es\/?page_id=42","og_site_name":"Grupo Martin Turiel","article_publisher":"https:\/\/www.facebook.com\/grupomartinturiel\/","article_modified_time":"2021-03-17T10:06:33+00:00","twitter_card":"summary_large_image","twitter_site":"@gmartinturiel","schema":{"@context":"https:\/\/schema.org","@graph":[{"@type":"WebPage","@id":"https:\/\/grupomartinturiel.es\/?page_id=42","url":"https:\/\/grupomartinturiel.es\/?page_id=42","name":"Trabaja con nosotros - Grupo Martin Turiel","isPartOf":{"@id":"https:\/\/grupomartinturiel.es\/#website"},"datePublished":"2021-03-16T10:52:43+00:00","dateModified":"2021-03-17T10:06:33+00:00","breadcrumb":{"@id":"https:\/\/grupomartinturiel.es\/?page_id=42#breadcrumb"},"inLanguage":"es","potentialAction":[{"@type":"ReadAction","target":["https:\/\/grupomartinturiel.es\/?page_id=42"]}]},{"@type":"BreadcrumbList","@id":"https:\/\/grupomartinturiel.es\/?page_id=42#breadcrumb","itemListElement":[{"@type":"ListItem","position":1,"name":"Portada","item":"https:\/\/grupomartinturiel.es\/"},{"@type":"ListItem","position":2,"name":"Trabaja con nosotros"}]},{"@type":"WebSite","@id":"https:\/\/grupomartinturiel.es\/#website","url":"https:\/\/grupomartinturiel.es\/","name":"Grupo Martin Turiel","description":"","publisher":{"@id":"https:\/\/grupomartinturiel.es\/#organization"},"potentialAction":[{"@type":"SearchAction","target":{"@type":"EntryPoint","urlTemplate":"https:\/\/grupomartinturiel.es\/?s={search_term_string}"},"query-input":{"@type":"PropertyValueSpecification","valueRequired":true,"valueName":"search_term_string"}}],"inLanguage":"es"},{"@type":"Organization","@id":"https:\/\/grupomartinturiel.es\/#organization","name":"Grupo Martin Turiel, S.L.","url":"https:\/\/grupomartinturiel.es\/","logo":{"@type":"ImageObject","inLanguage":"es","@id":"https:\/\/grupomartinturiel.es\/#\/schema\/logo\/image\/","url":"https:\/\/grupomartinturiel.es\/wp-content\/uploads\/2021\/03\/cropped-Logo-web-2.png","contentUrl":"https:\/\/grupomartinturiel.es\/wp-content\/uploads\/2021\/03\/cropped-Logo-web-2.png","width":200,"height":94,"caption":"Grupo Martin Turiel, S.L."},"image":{"@id":"https:\/\/grupomartinturiel.es\/#\/schema\/logo\/image\/"},"sameAs":["https:\/\/www.facebook.com\/grupomartinturiel\/","https:\/\/x.com\/gmartinturiel","https:\/\/www.instagram.com\/Grupomartinturiel\/","https:\/\/www.linkedin.com\/company\/grupo-martin-turiel"]}]}},"_links":{"self":[{"href":"https:\/\/grupomartinturiel.es\/index.php?rest_route=\/wp\/v2\/pages\/42","targetHints":{"allow":["GET"]}}],"collection":[{"href":"https:\/\/grupomartinturiel.es\/index.php?rest_route=\/wp\/v2\/pages"}],"about":[{"href":"https:\/\/grupomartinturiel.es\/index.php?rest_route=\/wp\/v2\/types\/page"}],"author":[{"embeddable":true,"href":"https:\/\/grupomartinturiel.es\/index.php?rest_route=\/wp\/v2\/users\/1"}],"replies":[{"embeddable":true,"href":"https:\/\/grupomartinturiel.es\/index.php?rest_route=%2Fwp%2Fv2%2Fcomments&post=42"}],"version-history":[{"count":4,"href":"https:\/\/grupomartinturiel.es\/index.php?rest_route=\/wp\/v2\/pages\/42\/revisions"}],"predecessor-version":[{"id":69,"href":"https:\/\/grupomartinturiel.es\/index.php?rest_route=\/wp\/v2\/pages\/42\/revisions\/69"}],"wp:attachment":[{"href":"https:\/\/grupomartinturiel.es\/index.php?rest_route=%2Fwp%2Fv2%2Fmedia&parent=42"}],"curies":[{"name":"wp","href":"https:\/\/api.w.org\/{rel}","templated":true}]}}