{"id":700,"date":"2021-05-03T08:48:44","date_gmt":"2021-05-03T08:48:44","guid":{"rendered":"https:\/\/grupomartinturiel.es\/?page_id=700"},"modified":"2021-05-03T11:37:21","modified_gmt":"2021-05-03T11:37:21","slug":"que-es-la-formacion-bonificada","status":"publish","type":"page","link":"https:\/\/grupomartinturiel.es\/?page_id=700","title":{"rendered":"\u00bfQue es la formaci\u00f3n bonificada?"},"content":{"rendered":"\n<p>El <strong>sistema de Formaci\u00f3n Bonificada<\/strong>, que se rige por el R.D. 395\/2007, permite a los empresarios disponer de parte del dinero aportado a la Seguridad Social a lo largo del a\u00f1o anterior para invertirlo en formaci\u00f3n en el a\u00f1o en curso. Este nuevo modelo se adapta perfectamente a<strong> la realidad empresarial<\/strong> y permite al empresario decidir, en base a sus necesidades, la formaci\u00f3n a impartir a sus trabajadores. <\/p>\n\n\n\n<div class=\"wp-block-image\"><figure class=\"alignright size-large is-resized\"><a href=\"https:\/\/www.fundae.es\/\" target=\"_blank\" rel=\"noopener\"><img loading=\"lazy\" decoding=\"async\" src=\"https:\/\/grupomartinturiel.es\/wp-content\/uploads\/2021\/05\/FUNDAE-Logo.png\" alt=\"Fundaci\u00f3n Estatal para la Formaci\u00f3n en el empleo\" class=\"wp-image-711\" width=\"300\" height=\"250\" title=\"Fundaci\u00f3n Estatal para la Formaci\u00f3n en el empleo\" srcset=\"https:\/\/grupomartinturiel.es\/wp-content\/uploads\/2021\/05\/FUNDAE-Logo.png 600w, https:\/\/grupomartinturiel.es\/wp-content\/uploads\/2021\/05\/FUNDAE-Logo-300x250.png 300w\" sizes=\"auto, (max-width: 300px) 100vw, 300px\" \/><\/a><\/figure><\/div>\n\n\n\n<p>La formaci\u00f3n bonificada es ni m\u00e1s ni menos que cursos gestionados por la <strong>Fundaci\u00f3n Estatal para el Empleo<\/strong> (antigua Fundaci\u00f3n Tripartita) para el desarrollo profesional de los trabajadores de una empresa.<\/p>\n\n\n\n<p>La formaci\u00f3n impartida a trav\u00e9s de las acciones formativas deber\u00e1 guardar relaci\u00f3n con la actividad empresarial y y el puesto de trabajo del alumno, podr\u00e1 ser:<\/p>\n\n\n\n<ul class=\"wp-block-list\"><li><strong>General:<\/strong> cursos de administraci\u00f3n, inform\u00e1tica, idiomas\u2026<\/li><li><strong>Espec\u00edfica:<\/strong> aquellos cursos cuyos conocimientos sean de aplicaci\u00f3n \u00fanicamente al puesto de trabajo desempe\u00f1ado.<\/li><\/ul>\n\n\n\n<h3 class=\"wp-block-heading\">\u00bfQui\u00e9n puede acceder a la Formaci\u00f3n Bonificada?<\/h3>\n\n\n\n<p>Participar de la formaci\u00f3n bonificada es posible para todas aquellas <strong>empresas privadas<\/strong> con <strong>al menos un empleado<\/strong>.<br>El proceso para poder beneficiarse de estas bonificaciones requiere, entre otros tr\u00e1mites, que la empresa comunique el inicio y finalizaci\u00f3n de las acciones formativas mediante la aplicaci\u00f3n telem\u00e1tica que administra la Fundaci\u00f3n Tripartita para la Formaci\u00f3n en el Empleo.<\/p>\n\n\n\n<h3 class=\"wp-block-heading\">Financiaci\u00f3n de la Formaci\u00f3n Bonificada:<\/h3>\n\n\n\n<p>Las empresas disponen de una cantidad de dinero, llamado <strong>cr\u00e9dito de formaci\u00f3n para trabajadores<\/strong>, cuyo importe resulta de aplicar un porcentaje a la cuant\u00eda aportada a la <strong>Seguridad Social<\/strong> el a\u00f1o anterior en concepto de cuota de formaci\u00f3n profesional. Las empresas de 1 a 5 trabajadores tienen garantizado un cr\u00e9dito m\u00ednimo de 420 euros. Al resto de empresas se le adjudica un porcentaje de bonificaci\u00f3n sobre su cuota de formaci\u00f3n profesional, siendo \u00e9ste mayor cuanto menor sea el tama\u00f1o de la empresa.<\/p>\n\n\n\n<p>Del mismo modo, los empresarios tambi\u00e9n cotizan a este mismo fondo a trav\u00e9s de los TCs.<\/p>\n\n\n\n<p>Hay que tener presente que este cr\u00e9dito es anual, es decir, se renueva a\u00f1o a a\u00f1o, pero <strong>no es acumulable.<\/strong><\/p>\n","protected":false},"excerpt":{"rendered":"<p>El sistema de Formaci\u00f3n Bonificada, que se rige por el R.D. 395\/2007, permite a los empresarios disponer de parte del dinero aportado a la Seguridad Social a lo largo del a\u00f1o anterior para invertirlo en formaci\u00f3n en el a\u00f1o en curso. Este nuevo modelo se adapta perfectamente a la realidad empresarial y permite al empresario &hellip;<\/p>\n<p class=\"read-more\"> <a class=\"\" href=\"https:\/\/grupomartinturiel.es\/?page_id=700\"> <span class=\"screen-reader-text\">\u00bfQue es la formaci\u00f3n bonificada?<\/span> Leer m\u00e1s &raquo;<\/a><\/p>\n","protected":false},"author":1,"featured_media":0,"parent":0,"menu_order":0,"comment_status":"closed","ping_status":"closed","template":"","meta":{"site-sidebar-layout":"default","site-content-layout":"default","ast-site-content-layout":"","site-content-style":"default","site-sidebar-style":"default","ast-global-header-display":"","ast-banner-title-visibility":"","ast-main-header-display":"","ast-hfb-above-header-display":"","ast-hfb-below-header-display":"","ast-hfb-mobile-header-display":"","site-post-title":"","ast-breadcrumbs-content":"","ast-featured-img":"","footer-sml-layout":"","theme-transparent-header-meta":"default","adv-header-id-meta":"","stick-header-meta":"","header-above-stick-meta":"","header-main-stick-meta":"","header-below-stick-meta":"","astra-migrate-meta-layouts":"","ast-page-background-enabled":"default","ast-page-background-meta":{"desktop":{"background-color":"","background-image":"","background-repeat":"repeat","background-position":"center center","background-size":"auto","background-attachment":"scroll","background-type":"","background-media":"","overlay-type":"","overlay-color":"","overlay-gradient":""},"tablet":{"background-color":"","background-image":"","background-repeat":"repeat","background-position":"center center","background-size":"auto","background-attachment":"scroll","background-type":"","background-media":"","overlay-type":"","overlay-color":"","overlay-gradient":""},"mobile":{"background-color":"","background-image":"","background-repeat":"repeat","background-position":"center center","background-size":"auto","background-attachment":"scroll","background-type":"","background-media":"","overlay-type":"","overlay-color":"","overlay-gradient":""}},"ast-content-background-meta":{"desktop":{"background-color":"var(--ast-global-color-5)","background-image":"","background-repeat":"repeat","background-position":"center center","background-size":"auto","background-attachment":"scroll","background-type":"","background-media":"","overlay-type":"","overlay-color":"","overlay-gradient":""},"tablet":{"background-color":"var(--ast-global-color-5)","background-image":"","background-repeat":"repeat","background-position":"center center","background-size":"auto","background-attachment":"scroll","background-type":"","background-media":"","overlay-type":"","overlay-color":"","overlay-gradient":""},"mobile":{"background-color":"var(--ast-global-color-5)","background-image":"","background-repeat":"repeat","background-position":"center center","background-size":"auto","background-attachment":"scroll","background-type":"","background-media":"","overlay-type":"","overlay-color":"","overlay-gradient":""}},"footnotes":""},"class_list":["post-700","page","type-page","status-publish","hentry"],"yoast_head":"<!-- This site is optimized with the Yoast SEO plugin v27.4 - https:\/\/yoast.com\/product\/yoast-seo-wordpress\/ -->\n<title>\u00bfQue es la formaci\u00f3n bonificada? - Grupo Martin Turiel<\/title>\n<meta name=\"robots\" content=\"index, follow, max-snippet:-1, max-image-preview:large, max-video-preview:-1\" \/>\n<link rel=\"canonical\" href=\"https:\/\/grupomartinturiel.es\/?page_id=700\" \/>\n<meta property=\"og:locale\" content=\"es_ES\" \/>\n<meta property=\"og:type\" content=\"article\" \/>\n<meta property=\"og:title\" content=\"\u00bfQue es la formaci\u00f3n bonificada? - Grupo Martin Turiel\" \/>\n<meta property=\"og:description\" content=\"El sistema de Formaci\u00f3n Bonificada, que se rige por el R.D. 395\/2007, permite a los empresarios disponer de parte del dinero aportado a la Seguridad Social a lo largo del a\u00f1o anterior para invertirlo en formaci\u00f3n en el a\u00f1o en curso. Este nuevo modelo se adapta perfectamente a la realidad empresarial y permite al empresario &hellip; \u00bfQue es la formaci\u00f3n bonificada? Leer m\u00e1s &raquo;\" \/>\n<meta property=\"og:url\" content=\"https:\/\/grupomartinturiel.es\/?page_id=700\" \/>\n<meta property=\"og:site_name\" content=\"Grupo Martin Turiel\" \/>\n<meta property=\"article:publisher\" content=\"https:\/\/www.facebook.com\/grupomartinturiel\/\" \/>\n<meta property=\"article:modified_time\" content=\"2021-05-03T11:37:21+00:00\" \/>\n<meta property=\"og:image\" content=\"https:\/\/grupomartinturiel.es\/wp-content\/uploads\/2021\/05\/FUNDAE-Logo.png\" \/>\n<meta name=\"twitter:card\" content=\"summary_large_image\" \/>\n<meta name=\"twitter:site\" content=\"@gmartinturiel\" \/>\n<meta name=\"twitter:label1\" content=\"Tiempo de lectura\" \/>\n\t<meta name=\"twitter:data1\" content=\"2 minutos\" \/>\n<script type=\"application\/ld+json\" class=\"yoast-schema-graph\">{\"@context\":\"https:\\\/\\\/schema.org\",\"@graph\":[{\"@type\":\"WebPage\",\"@id\":\"https:\\\/\\\/grupomartinturiel.es\\\/?page_id=700\",\"url\":\"https:\\\/\\\/grupomartinturiel.es\\\/?page_id=700\",\"name\":\"\u00bfQue es la formaci\u00f3n bonificada? - Grupo Martin Turiel\",\"isPartOf\":{\"@id\":\"https:\\\/\\\/grupomartinturiel.es\\\/#website\"},\"primaryImageOfPage\":{\"@id\":\"https:\\\/\\\/grupomartinturiel.es\\\/?page_id=700#primaryimage\"},\"image\":{\"@id\":\"https:\\\/\\\/grupomartinturiel.es\\\/?page_id=700#primaryimage\"},\"thumbnailUrl\":\"https:\\\/\\\/grupomartinturiel.es\\\/wp-content\\\/uploads\\\/2021\\\/05\\\/FUNDAE-Logo.png\",\"datePublished\":\"2021-05-03T08:48:44+00:00\",\"dateModified\":\"2021-05-03T11:37:21+00:00\",\"breadcrumb\":{\"@id\":\"https:\\\/\\\/grupomartinturiel.es\\\/?page_id=700#breadcrumb\"},\"inLanguage\":\"es\",\"potentialAction\":[{\"@type\":\"ReadAction\",\"target\":[\"https:\\\/\\\/grupomartinturiel.es\\\/?page_id=700\"]}]},{\"@type\":\"ImageObject\",\"inLanguage\":\"es\",\"@id\":\"https:\\\/\\\/grupomartinturiel.es\\\/?page_id=700#primaryimage\",\"url\":\"https:\\\/\\\/grupomartinturiel.es\\\/wp-content\\\/uploads\\\/2021\\\/05\\\/FUNDAE-Logo.png\",\"contentUrl\":\"https:\\\/\\\/grupomartinturiel.es\\\/wp-content\\\/uploads\\\/2021\\\/05\\\/FUNDAE-Logo.png\",\"width\":600,\"height\":500,\"caption\":\"Fundaci\u00f3n Estatal para la Formaci\u00f3n en el empleo\"},{\"@type\":\"BreadcrumbList\",\"@id\":\"https:\\\/\\\/grupomartinturiel.es\\\/?page_id=700#breadcrumb\",\"itemListElement\":[{\"@type\":\"ListItem\",\"position\":1,\"name\":\"Portada\",\"item\":\"https:\\\/\\\/grupomartinturiel.es\\\/\"},{\"@type\":\"ListItem\",\"position\":2,\"name\":\"\u00bfQue es la formaci\u00f3n bonificada?\"}]},{\"@type\":\"WebSite\",\"@id\":\"https:\\\/\\\/grupomartinturiel.es\\\/#website\",\"url\":\"https:\\\/\\\/grupomartinturiel.es\\\/\",\"name\":\"Grupo Martin Turiel\",\"description\":\"\",\"publisher\":{\"@id\":\"https:\\\/\\\/grupomartinturiel.es\\\/#organization\"},\"potentialAction\":[{\"@type\":\"SearchAction\",\"target\":{\"@type\":\"EntryPoint\",\"urlTemplate\":\"https:\\\/\\\/grupomartinturiel.es\\\/?s={search_term_string}\"},\"query-input\":{\"@type\":\"PropertyValueSpecification\",\"valueRequired\":true,\"valueName\":\"search_term_string\"}}],\"inLanguage\":\"es\"},{\"@type\":\"Organization\",\"@id\":\"https:\\\/\\\/grupomartinturiel.es\\\/#organization\",\"name\":\"Grupo Martin Turiel, S.L.\",\"url\":\"https:\\\/\\\/grupomartinturiel.es\\\/\",\"logo\":{\"@type\":\"ImageObject\",\"inLanguage\":\"es\",\"@id\":\"https:\\\/\\\/grupomartinturiel.es\\\/#\\\/schema\\\/logo\\\/image\\\/\",\"url\":\"https:\\\/\\\/grupomartinturiel.es\\\/wp-content\\\/uploads\\\/2021\\\/03\\\/cropped-Logo-web-2.png\",\"contentUrl\":\"https:\\\/\\\/grupomartinturiel.es\\\/wp-content\\\/uploads\\\/2021\\\/03\\\/cropped-Logo-web-2.png\",\"width\":200,\"height\":94,\"caption\":\"Grupo Martin Turiel, S.L.\"},\"image\":{\"@id\":\"https:\\\/\\\/grupomartinturiel.es\\\/#\\\/schema\\\/logo\\\/image\\\/\"},\"sameAs\":[\"https:\\\/\\\/www.facebook.com\\\/grupomartinturiel\\\/\",\"https:\\\/\\\/x.com\\\/gmartinturiel\",\"https:\\\/\\\/www.instagram.com\\\/Grupomartinturiel\\\/\",\"https:\\\/\\\/www.linkedin.com\\\/company\\\/grupo-martin-turiel\"]}]}<\/script>\n<!-- \/ Yoast SEO plugin. -->","yoast_head_json":{"title":"\u00bfQue es la formaci\u00f3n bonificada? - Grupo Martin Turiel","robots":{"index":"index","follow":"follow","max-snippet":"max-snippet:-1","max-image-preview":"max-image-preview:large","max-video-preview":"max-video-preview:-1"},"canonical":"https:\/\/grupomartinturiel.es\/?page_id=700","og_locale":"es_ES","og_type":"article","og_title":"\u00bfQue es la formaci\u00f3n bonificada? - Grupo Martin Turiel","og_description":"El sistema de Formaci\u00f3n Bonificada, que se rige por el R.D. 395\/2007, permite a los empresarios disponer de parte del dinero aportado a la Seguridad Social a lo largo del a\u00f1o anterior para invertirlo en formaci\u00f3n en el a\u00f1o en curso. Este nuevo modelo se adapta perfectamente a la realidad empresarial y permite al empresario &hellip; \u00bfQue es la formaci\u00f3n bonificada? Leer m\u00e1s &raquo;","og_url":"https:\/\/grupomartinturiel.es\/?page_id=700","og_site_name":"Grupo Martin Turiel","article_publisher":"https:\/\/www.facebook.com\/grupomartinturiel\/","article_modified_time":"2021-05-03T11:37:21+00:00","og_image":[{"url":"https:\/\/grupomartinturiel.es\/wp-content\/uploads\/2021\/05\/FUNDAE-Logo.png","type":"","width":"","height":""}],"twitter_card":"summary_large_image","twitter_site":"@gmartinturiel","twitter_misc":{"Tiempo de lectura":"2 minutos"},"schema":{"@context":"https:\/\/schema.org","@graph":[{"@type":"WebPage","@id":"https:\/\/grupomartinturiel.es\/?page_id=700","url":"https:\/\/grupomartinturiel.es\/?page_id=700","name":"\u00bfQue es la formaci\u00f3n bonificada? - Grupo Martin Turiel","isPartOf":{"@id":"https:\/\/grupomartinturiel.es\/#website"},"primaryImageOfPage":{"@id":"https:\/\/grupomartinturiel.es\/?page_id=700#primaryimage"},"image":{"@id":"https:\/\/grupomartinturiel.es\/?page_id=700#primaryimage"},"thumbnailUrl":"https:\/\/grupomartinturiel.es\/wp-content\/uploads\/2021\/05\/FUNDAE-Logo.png","datePublished":"2021-05-03T08:48:44+00:00","dateModified":"2021-05-03T11:37:21+00:00","breadcrumb":{"@id":"https:\/\/grupomartinturiel.es\/?page_id=700#breadcrumb"},"inLanguage":"es","potentialAction":[{"@type":"ReadAction","target":["https:\/\/grupomartinturiel.es\/?page_id=700"]}]},{"@type":"ImageObject","inLanguage":"es","@id":"https:\/\/grupomartinturiel.es\/?page_id=700#primaryimage","url":"https:\/\/grupomartinturiel.es\/wp-content\/uploads\/2021\/05\/FUNDAE-Logo.png","contentUrl":"https:\/\/grupomartinturiel.es\/wp-content\/uploads\/2021\/05\/FUNDAE-Logo.png","width":600,"height":500,"caption":"Fundaci\u00f3n Estatal para la Formaci\u00f3n en el empleo"},{"@type":"BreadcrumbList","@id":"https:\/\/grupomartinturiel.es\/?page_id=700#breadcrumb","itemListElement":[{"@type":"ListItem","position":1,"name":"Portada","item":"https:\/\/grupomartinturiel.es\/"},{"@type":"ListItem","position":2,"name":"\u00bfQue es la formaci\u00f3n bonificada?"}]},{"@type":"WebSite","@id":"https:\/\/grupomartinturiel.es\/#website","url":"https:\/\/grupomartinturiel.es\/","name":"Grupo Martin Turiel","description":"","publisher":{"@id":"https:\/\/grupomartinturiel.es\/#organization"},"potentialAction":[{"@type":"SearchAction","target":{"@type":"EntryPoint","urlTemplate":"https:\/\/grupomartinturiel.es\/?s={search_term_string}"},"query-input":{"@type":"PropertyValueSpecification","valueRequired":true,"valueName":"search_term_string"}}],"inLanguage":"es"},{"@type":"Organization","@id":"https:\/\/grupomartinturiel.es\/#organization","name":"Grupo Martin Turiel, S.L.","url":"https:\/\/grupomartinturiel.es\/","logo":{"@type":"ImageObject","inLanguage":"es","@id":"https:\/\/grupomartinturiel.es\/#\/schema\/logo\/image\/","url":"https:\/\/grupomartinturiel.es\/wp-content\/uploads\/2021\/03\/cropped-Logo-web-2.png","contentUrl":"https:\/\/grupomartinturiel.es\/wp-content\/uploads\/2021\/03\/cropped-Logo-web-2.png","width":200,"height":94,"caption":"Grupo Martin Turiel, S.L."},"image":{"@id":"https:\/\/grupomartinturiel.es\/#\/schema\/logo\/image\/"},"sameAs":["https:\/\/www.facebook.com\/grupomartinturiel\/","https:\/\/x.com\/gmartinturiel","https:\/\/www.instagram.com\/Grupomartinturiel\/","https:\/\/www.linkedin.com\/company\/grupo-martin-turiel"]}]}},"_links":{"self":[{"href":"https:\/\/grupomartinturiel.es\/index.php?rest_route=\/wp\/v2\/pages\/700","targetHints":{"allow":["GET"]}}],"collection":[{"href":"https:\/\/grupomartinturiel.es\/index.php?rest_route=\/wp\/v2\/pages"}],"about":[{"href":"https:\/\/grupomartinturiel.es\/index.php?rest_route=\/wp\/v2\/types\/page"}],"author":[{"embeddable":true,"href":"https:\/\/grupomartinturiel.es\/index.php?rest_route=\/wp\/v2\/users\/1"}],"replies":[{"embeddable":true,"href":"https:\/\/grupomartinturiel.es\/index.php?rest_route=%2Fwp%2Fv2%2Fcomments&post=700"}],"version-history":[{"count":11,"href":"https:\/\/grupomartinturiel.es\/index.php?rest_route=\/wp\/v2\/pages\/700\/revisions"}],"predecessor-version":[{"id":723,"href":"https:\/\/grupomartinturiel.es\/index.php?rest_route=\/wp\/v2\/pages\/700\/revisions\/723"}],"wp:attachment":[{"href":"https:\/\/grupomartinturiel.es\/index.php?rest_route=%2Fwp%2Fv2%2Fmedia&parent=700"}],"curies":[{"name":"wp","href":"https:\/\/api.w.org\/{rel}","templated":true}]}}