{"id":2672,"date":"2021-11-15T11:59:06","date_gmt":"2021-11-15T11:59:06","guid":{"rendered":"https:\/\/grupomartinturiel.es\/curso\/cultura-de-seguridad-alimentaria\/"},"modified":"2021-11-15T12:12:46","modified_gmt":"2021-11-15T12:12:46","slug":"cultura-de-seguridad-alimentaria","status":"publish","type":"product","link":"https:\/\/grupomartinturiel.es\/?product=cultura-de-seguridad-alimentaria","title":{"rendered":"Cultura de seguridad alimentaria"},"content":{"rendered":"<h2>OBJETIVOS CURSO BONIFICADO ONLINE CULTURA DE SEGURIDAD ALIMENTARIA<\/h2>\n<ul>\n<li>El objetivo principal es explicar en qu\u00e9 consiste la cultura de seguridad alimentaria, su obligatoriedad, c\u00f3mo se mide y c\u00f3mo elaborar un plan de acci\u00f3n para mejorar la cultura de seguridad alimentaria de la empresa.<\/li>\n<li>Otros objetivos son el conocer el contexto normativo actual que rige la seguridad alimentaria en nuestro pa\u00eds y en la comunidad europea, teniendo en cuenta las nuevas directrices que son de aplicaci\u00f3n directa por el nuevo Reglamento UE 2021\/382.<\/li>\n<li>El alumno conocer\u00e1 las bases de la seguridad alimentaria, el plan de gesti\u00f3n de al\u00e9rgenos, la informaci\u00f3n obligatoria para el consumidor y el est\u00e1ndar IFS Food V7.<\/li>\n<li>Se dan a conocer los Planes de Higiene 2021 y los cambios en cuanto a la redistribuci\u00f3n de los alimentos y la nueva normativa en vigor.<\/li>\n<li>Se explica todo lo concerniente en cuanto a una correcta manipulaci\u00f3n de alimentos, el sistema APPCC y su aplicaci\u00f3n junto con los planes de apoyo.<\/li>\n<li>Para terminar, se recuerdan cu\u00e1les son los protocolos para prevenir los contagios de COVID-19 en el \u00e1mbito de la seguridad alimentaria y la manipulaci\u00f3n de alimentos.<\/li>\n<\/ul>\n","protected":false},"excerpt":{"rendered":"<p>OBJETIVOS CURSO BONIFICADO ONLINE CULTURA DE SEGURIDAD ALIMENTARIA El objetivo principal es explicar en qu\u00e9 consiste la cultura de seguridad alimentaria, su obligatoriedad, c\u00f3mo se mide y c\u00f3mo elaborar un plan de acci\u00f3n para mejorar la cultura de seguridad alimentaria de la empresa. Otros objetivos son el conocer el contexto normativo actual que rige la &hellip;<\/p>\n<p class=\"read-more\"> <a class=\"\" href=\"https:\/\/grupomartinturiel.es\/?product=cultura-de-seguridad-alimentaria\"> <span class=\"screen-reader-text\">Cultura de seguridad alimentaria<\/span> Leer m\u00e1s &raquo;<\/a><\/p>\n","protected":false},"featured_media":585,"comment_status":"closed","ping_status":"closed","template":"","meta":{"site-sidebar-layout":"default","site-content-layout":"default","ast-site-content-layout":"","site-content-style":"default","site-sidebar-style":"default","ast-global-header-display":"","ast-banner-title-visibility":"","ast-main-header-display":"","ast-hfb-above-header-display":"","ast-hfb-below-header-display":"","ast-hfb-mobile-header-display":"","site-post-title":"","ast-breadcrumbs-content":"","ast-featured-img":"","footer-sml-layout":"","theme-transparent-header-meta":"default","adv-header-id-meta":"","stick-header-meta":"","header-above-stick-meta":"","header-main-stick-meta":"","header-below-stick-meta":"","astra-migrate-meta-layouts":"","ast-page-background-enabled":"default","ast-page-background-meta":{"desktop":{"background-color":"","background-image":"","background-repeat":"repeat","background-position":"center center","background-size":"auto","background-attachment":"scroll","background-type":"","background-media":"","overlay-type":"","overlay-color":"","overlay-gradient":""},"tablet":{"background-color":"","background-image":"","background-repeat":"repeat","background-position":"center center","background-size":"auto","background-attachment":"scroll","background-type":"","background-media":"","overlay-type":"","overlay-color":"","overlay-gradient":""},"mobile":{"background-color":"","background-image":"","background-repeat":"repeat","background-position":"center center","background-size":"auto","background-attachment":"scroll","background-type":"","background-media":"","overlay-type":"","overlay-color":"","overlay-gradient":""}},"ast-content-background-meta":{"desktop":{"background-color":"var(--ast-global-color-5)","background-image":"","background-repeat":"repeat","background-position":"center center","background-size":"auto","background-attachment":"scroll","background-type":"","background-media":"","overlay-type":"","overlay-color":"","overlay-gradient":""},"tablet":{"background-color":"var(--ast-global-color-5)","background-image":"","background-repeat":"repeat","background-position":"center center","background-size":"auto","background-attachment":"scroll","background-type":"","background-media":"","overlay-type":"","overlay-color":"","overlay-gradient":""},"mobile":{"background-color":"var(--ast-global-color-5)","background-image":"","background-repeat":"repeat","background-position":"center center","background-size":"auto","background-attachment":"scroll","background-type":"","background-media":"","overlay-type":"","overlay-color":"","overlay-gradient":""}}},"product_brand":[],"product_cat":[46],"product_tag":[],"class_list":{"0":"post-2672","1":"product","2":"type-product","3":"status-publish","4":"has-post-thumbnail","6":"product_cat-restauracion-y-seguridad-alimentaria","7":"desktop-align-left","8":"tablet-align-left","9":"mobile-align-left","11":"first","12":"instock","13":"shipping-taxable","14":"product-type-simple"},"yoast_head":"<!-- This site is optimized with the Yoast SEO plugin v27.5 - https:\/\/yoast.com\/product\/yoast-seo-wordpress\/ -->\n<title>Cultura de seguridad alimentaria - Grupo Martin Turiel<\/title>\n<meta name=\"robots\" content=\"index, follow, max-snippet:-1, max-image-preview:large, max-video-preview:-1\" \/>\n<link rel=\"canonical\" href=\"https:\/\/grupomartinturiel.es\/curso\/cultura-de-seguridad-alimentaria\/\" \/>\n<meta property=\"og:locale\" content=\"es_ES\" \/>\n<meta property=\"og:type\" content=\"article\" \/>\n<meta property=\"og:title\" content=\"Cultura de seguridad alimentaria - Grupo Martin Turiel\" \/>\n<meta property=\"og:description\" content=\"OBJETIVOS CURSO BONIFICADO ONLINE CULTURA DE SEGURIDAD ALIMENTARIA El objetivo principal es explicar en qu\u00e9 consiste la cultura de seguridad alimentaria, su obligatoriedad, c\u00f3mo se mide y c\u00f3mo elaborar un plan de acci\u00f3n para mejorar la cultura de seguridad alimentaria de la empresa. Otros objetivos son el conocer el contexto normativo actual que rige la &hellip; Cultura de seguridad alimentaria Leer m\u00e1s &raquo;\" \/>\n<meta property=\"og:url\" content=\"https:\/\/grupomartinturiel.es\/curso\/cultura-de-seguridad-alimentaria\/\" \/>\n<meta property=\"og:site_name\" content=\"Grupo Martin Turiel\" \/>\n<meta property=\"article:publisher\" content=\"https:\/\/www.facebook.com\/grupomartinturiel\/\" \/>\n<meta property=\"article:modified_time\" content=\"2021-11-15T12:12:46+00:00\" \/>\n<meta property=\"og:image\" content=\"https:\/\/grupomartinturiel.es\/wp-content\/uploads\/2021\/04\/Restauracion-y-Seguridad-alimentaria-1.jpg\" \/>\n\t<meta property=\"og:image:width\" content=\"1920\" \/>\n\t<meta property=\"og:image:height\" content=\"1280\" \/>\n\t<meta property=\"og:image:type\" content=\"image\/jpeg\" \/>\n<meta name=\"twitter:card\" content=\"summary_large_image\" \/>\n<meta name=\"twitter:site\" content=\"@gmartinturiel\" \/>\n<meta name=\"twitter:label1\" content=\"Tiempo de lectura\" \/>\n\t<meta name=\"twitter:data1\" content=\"1 minuto\" \/>\n<script type=\"application\/ld+json\" class=\"yoast-schema-graph\">{\"@context\":\"https:\\\/\\\/schema.org\",\"@graph\":[{\"@type\":\"WebPage\",\"@id\":\"https:\\\/\\\/grupomartinturiel.es\\\/curso\\\/cultura-de-seguridad-alimentaria\\\/\",\"url\":\"https:\\\/\\\/grupomartinturiel.es\\\/curso\\\/cultura-de-seguridad-alimentaria\\\/\",\"name\":\"Cultura de seguridad alimentaria - Grupo Martin Turiel\",\"isPartOf\":{\"@id\":\"https:\\\/\\\/grupomartinturiel.es\\\/#website\"},\"primaryImageOfPage\":{\"@id\":\"https:\\\/\\\/grupomartinturiel.es\\\/curso\\\/cultura-de-seguridad-alimentaria\\\/#primaryimage\"},\"image\":{\"@id\":\"https:\\\/\\\/grupomartinturiel.es\\\/curso\\\/cultura-de-seguridad-alimentaria\\\/#primaryimage\"},\"thumbnailUrl\":\"https:\\\/\\\/grupomartinturiel.es\\\/wp-content\\\/uploads\\\/2021\\\/04\\\/Restauracion-y-Seguridad-alimentaria-1.jpg\",\"datePublished\":\"2021-11-15T11:59:06+00:00\",\"dateModified\":\"2021-11-15T12:12:46+00:00\",\"breadcrumb\":{\"@id\":\"https:\\\/\\\/grupomartinturiel.es\\\/curso\\\/cultura-de-seguridad-alimentaria\\\/#breadcrumb\"},\"inLanguage\":\"es\",\"potentialAction\":[{\"@type\":\"ReadAction\",\"target\":[\"https:\\\/\\\/grupomartinturiel.es\\\/curso\\\/cultura-de-seguridad-alimentaria\\\/\"]}]},{\"@type\":\"ImageObject\",\"inLanguage\":\"es\",\"@id\":\"https:\\\/\\\/grupomartinturiel.es\\\/curso\\\/cultura-de-seguridad-alimentaria\\\/#primaryimage\",\"url\":\"https:\\\/\\\/grupomartinturiel.es\\\/wp-content\\\/uploads\\\/2021\\\/04\\\/Restauracion-y-Seguridad-alimentaria-1.jpg\",\"contentUrl\":\"https:\\\/\\\/grupomartinturiel.es\\\/wp-content\\\/uploads\\\/2021\\\/04\\\/Restauracion-y-Seguridad-alimentaria-1.jpg\",\"width\":1920,\"height\":1280},{\"@type\":\"BreadcrumbList\",\"@id\":\"https:\\\/\\\/grupomartinturiel.es\\\/curso\\\/cultura-de-seguridad-alimentaria\\\/#breadcrumb\",\"itemListElement\":[{\"@type\":\"ListItem\",\"position\":1,\"name\":\"Portada\",\"item\":\"https:\\\/\\\/grupomartinturiel.es\\\/\"},{\"@type\":\"ListItem\",\"position\":2,\"name\":\"Cursos online bonificados\",\"item\":\"https:\\\/\\\/grupomartinturiel.es\\\/?page_id=1495\"},{\"@type\":\"ListItem\",\"position\":3,\"name\":\"Cultura de seguridad alimentaria\"}]},{\"@type\":\"WebSite\",\"@id\":\"https:\\\/\\\/grupomartinturiel.es\\\/#website\",\"url\":\"https:\\\/\\\/grupomartinturiel.es\\\/\",\"name\":\"Grupo Martin Turiel\",\"description\":\"\",\"publisher\":{\"@id\":\"https:\\\/\\\/grupomartinturiel.es\\\/#organization\"},\"potentialAction\":[{\"@type\":\"SearchAction\",\"target\":{\"@type\":\"EntryPoint\",\"urlTemplate\":\"https:\\\/\\\/grupomartinturiel.es\\\/?s={search_term_string}\"},\"query-input\":{\"@type\":\"PropertyValueSpecification\",\"valueRequired\":true,\"valueName\":\"search_term_string\"}}],\"inLanguage\":\"es\"},{\"@type\":\"Organization\",\"@id\":\"https:\\\/\\\/grupomartinturiel.es\\\/#organization\",\"name\":\"Grupo Martin Turiel, S.L.\",\"url\":\"https:\\\/\\\/grupomartinturiel.es\\\/\",\"logo\":{\"@type\":\"ImageObject\",\"inLanguage\":\"es\",\"@id\":\"https:\\\/\\\/grupomartinturiel.es\\\/#\\\/schema\\\/logo\\\/image\\\/\",\"url\":\"https:\\\/\\\/grupomartinturiel.es\\\/wp-content\\\/uploads\\\/2021\\\/03\\\/cropped-Logo-web-2.png\",\"contentUrl\":\"https:\\\/\\\/grupomartinturiel.es\\\/wp-content\\\/uploads\\\/2021\\\/03\\\/cropped-Logo-web-2.png\",\"width\":200,\"height\":94,\"caption\":\"Grupo Martin Turiel, S.L.\"},\"image\":{\"@id\":\"https:\\\/\\\/grupomartinturiel.es\\\/#\\\/schema\\\/logo\\\/image\\\/\"},\"sameAs\":[\"https:\\\/\\\/www.facebook.com\\\/grupomartinturiel\\\/\",\"https:\\\/\\\/x.com\\\/gmartinturiel\",\"https:\\\/\\\/www.instagram.com\\\/Grupomartinturiel\\\/\",\"https:\\\/\\\/www.linkedin.com\\\/company\\\/grupo-martin-turiel\"]}]}<\/script>\n<!-- \/ Yoast SEO plugin. -->","yoast_head_json":{"title":"Cultura de seguridad alimentaria - Grupo Martin Turiel","robots":{"index":"index","follow":"follow","max-snippet":"max-snippet:-1","max-image-preview":"max-image-preview:large","max-video-preview":"max-video-preview:-1"},"canonical":"https:\/\/grupomartinturiel.es\/curso\/cultura-de-seguridad-alimentaria\/","og_locale":"es_ES","og_type":"article","og_title":"Cultura de seguridad alimentaria - Grupo Martin Turiel","og_description":"OBJETIVOS CURSO BONIFICADO ONLINE CULTURA DE SEGURIDAD ALIMENTARIA El objetivo principal es explicar en qu\u00e9 consiste la cultura de seguridad alimentaria, su obligatoriedad, c\u00f3mo se mide y c\u00f3mo elaborar un plan de acci\u00f3n para mejorar la cultura de seguridad alimentaria de la empresa. Otros objetivos son el conocer el contexto normativo actual que rige la &hellip; Cultura de seguridad alimentaria Leer m\u00e1s &raquo;","og_url":"https:\/\/grupomartinturiel.es\/curso\/cultura-de-seguridad-alimentaria\/","og_site_name":"Grupo Martin Turiel","article_publisher":"https:\/\/www.facebook.com\/grupomartinturiel\/","article_modified_time":"2021-11-15T12:12:46+00:00","og_image":[{"width":1920,"height":1280,"url":"https:\/\/grupomartinturiel.es\/wp-content\/uploads\/2021\/04\/Restauracion-y-Seguridad-alimentaria-1.jpg","type":"image\/jpeg"}],"twitter_card":"summary_large_image","twitter_site":"@gmartinturiel","twitter_misc":{"Tiempo de lectura":"1 minuto"},"schema":{"@context":"https:\/\/schema.org","@graph":[{"@type":"WebPage","@id":"https:\/\/grupomartinturiel.es\/curso\/cultura-de-seguridad-alimentaria\/","url":"https:\/\/grupomartinturiel.es\/curso\/cultura-de-seguridad-alimentaria\/","name":"Cultura de seguridad alimentaria - Grupo Martin Turiel","isPartOf":{"@id":"https:\/\/grupomartinturiel.es\/#website"},"primaryImageOfPage":{"@id":"https:\/\/grupomartinturiel.es\/curso\/cultura-de-seguridad-alimentaria\/#primaryimage"},"image":{"@id":"https:\/\/grupomartinturiel.es\/curso\/cultura-de-seguridad-alimentaria\/#primaryimage"},"thumbnailUrl":"https:\/\/grupomartinturiel.es\/wp-content\/uploads\/2021\/04\/Restauracion-y-Seguridad-alimentaria-1.jpg","datePublished":"2021-11-15T11:59:06+00:00","dateModified":"2021-11-15T12:12:46+00:00","breadcrumb":{"@id":"https:\/\/grupomartinturiel.es\/curso\/cultura-de-seguridad-alimentaria\/#breadcrumb"},"inLanguage":"es","potentialAction":[{"@type":"ReadAction","target":["https:\/\/grupomartinturiel.es\/curso\/cultura-de-seguridad-alimentaria\/"]}]},{"@type":"ImageObject","inLanguage":"es","@id":"https:\/\/grupomartinturiel.es\/curso\/cultura-de-seguridad-alimentaria\/#primaryimage","url":"https:\/\/grupomartinturiel.es\/wp-content\/uploads\/2021\/04\/Restauracion-y-Seguridad-alimentaria-1.jpg","contentUrl":"https:\/\/grupomartinturiel.es\/wp-content\/uploads\/2021\/04\/Restauracion-y-Seguridad-alimentaria-1.jpg","width":1920,"height":1280},{"@type":"BreadcrumbList","@id":"https:\/\/grupomartinturiel.es\/curso\/cultura-de-seguridad-alimentaria\/#breadcrumb","itemListElement":[{"@type":"ListItem","position":1,"name":"Portada","item":"https:\/\/grupomartinturiel.es\/"},{"@type":"ListItem","position":2,"name":"Cursos online bonificados","item":"https:\/\/grupomartinturiel.es\/?page_id=1495"},{"@type":"ListItem","position":3,"name":"Cultura de seguridad alimentaria"}]},{"@type":"WebSite","@id":"https:\/\/grupomartinturiel.es\/#website","url":"https:\/\/grupomartinturiel.es\/","name":"Grupo Martin Turiel","description":"","publisher":{"@id":"https:\/\/grupomartinturiel.es\/#organization"},"potentialAction":[{"@type":"SearchAction","target":{"@type":"EntryPoint","urlTemplate":"https:\/\/grupomartinturiel.es\/?s={search_term_string}"},"query-input":{"@type":"PropertyValueSpecification","valueRequired":true,"valueName":"search_term_string"}}],"inLanguage":"es"},{"@type":"Organization","@id":"https:\/\/grupomartinturiel.es\/#organization","name":"Grupo Martin Turiel, S.L.","url":"https:\/\/grupomartinturiel.es\/","logo":{"@type":"ImageObject","inLanguage":"es","@id":"https:\/\/grupomartinturiel.es\/#\/schema\/logo\/image\/","url":"https:\/\/grupomartinturiel.es\/wp-content\/uploads\/2021\/03\/cropped-Logo-web-2.png","contentUrl":"https:\/\/grupomartinturiel.es\/wp-content\/uploads\/2021\/03\/cropped-Logo-web-2.png","width":200,"height":94,"caption":"Grupo Martin Turiel, S.L."},"image":{"@id":"https:\/\/grupomartinturiel.es\/#\/schema\/logo\/image\/"},"sameAs":["https:\/\/www.facebook.com\/grupomartinturiel\/","https:\/\/x.com\/gmartinturiel","https:\/\/www.instagram.com\/Grupomartinturiel\/","https:\/\/www.linkedin.com\/company\/grupo-martin-turiel"]}]}},"_links":{"self":[{"href":"https:\/\/grupomartinturiel.es\/index.php?rest_route=\/wp\/v2\/product\/2672","targetHints":{"allow":["GET"]}}],"collection":[{"href":"https:\/\/grupomartinturiel.es\/index.php?rest_route=\/wp\/v2\/product"}],"about":[{"href":"https:\/\/grupomartinturiel.es\/index.php?rest_route=\/wp\/v2\/types\/product"}],"replies":[{"embeddable":true,"href":"https:\/\/grupomartinturiel.es\/index.php?rest_route=%2Fwp%2Fv2%2Fcomments&post=2672"}],"wp:featuredmedia":[{"embeddable":true,"href":"https:\/\/grupomartinturiel.es\/index.php?rest_route=\/wp\/v2\/media\/585"}],"wp:attachment":[{"href":"https:\/\/grupomartinturiel.es\/index.php?rest_route=%2Fwp%2Fv2%2Fmedia&parent=2672"}],"wp:term":[{"taxonomy":"product_brand","embeddable":true,"href":"https:\/\/grupomartinturiel.es\/index.php?rest_route=%2Fwp%2Fv2%2Fproduct_brand&post=2672"},{"taxonomy":"product_cat","embeddable":true,"href":"https:\/\/grupomartinturiel.es\/index.php?rest_route=%2Fwp%2Fv2%2Fproduct_cat&post=2672"},{"taxonomy":"product_tag","embeddable":true,"href":"https:\/\/grupomartinturiel.es\/index.php?rest_route=%2Fwp%2Fv2%2Fproduct_tag&post=2672"}],"curies":[{"name":"wp","href":"https:\/\/api.w.org\/{rel}","templated":true}]}}