{"id":288,"date":"2021-04-23T08:06:37","date_gmt":"2021-04-23T08:06:37","guid":{"rendered":"https:\/\/grupomartinturiel.es\/producto\/guia-de-estimulacion-para-ninos-de-3-a-6-anos\/"},"modified":"2021-05-21T10:48:10","modified_gmt":"2021-05-21T10:48:10","slug":"guia-de-estimulacion-para-ninos-de-3-a-6-anos","status":"publish","type":"product","link":"https:\/\/grupomartinturiel.es\/?product=guia-de-estimulacion-para-ninos-de-3-a-6-anos","title":{"rendered":"Gu\u00eda de estimulaci\u00f3n para ni\u00f1os de 3 a 6 a\u00f1os"},"content":{"rendered":"<h2>\u00cdNDICE GU\u00cdA DE ESTIMULACI\u00d3N PARA NI\u00d1OS DE 3 A 6 A\u00d1OS<\/h2>\n<ul>\n<li><span>Conocer el proceso del desarrollo psicol\u00f3gico del ni\u00f1o de 3 a 6 a\u00f1os.<\/span><\/li>\n<li><span>Distinguir las caracter\u00edsticas del ni\u00f1o en las distintas \u00e1reas de su desarrollo.<\/span><\/li>\n<li><span>Comprender la forma de actuar en su interacci\u00f3n con el mundo que le rodea.<\/span><\/li>\n<li><span>Saber diferenciar entre desarrollo normal y retrasado o alterado.<\/span><\/li>\n<li><span>Conocer los comportamientos esperados seg\u00fan la edad del infante.<\/span><\/li>\n<li><span>Controlar los h\u00e1bitos del ni\u00f1o y corregirlos.<\/span><\/li>\n<li><span>Cuidar la relaci\u00f3n con el ni\u00f1o e influenciarle sin autoritarismo.<\/span><\/li>\n<li><span>Lograr controlar los problemas de alimentaci\u00f3n y eliminaci\u00f3n del ni\u00f1o.<\/span><\/li>\n<li><span>Orientar a la familia para que manejen correctamente las situaciones.<\/span><\/li>\n<li><span>Lograr controlar los problemas de alimentaci\u00f3n y eliminaci\u00f3n del ni\u00f1o.<\/span><\/li>\n<li><span>Orientar a la familia para que manejen correctamente las situaciones.<\/span><\/li>\n<li><span>Identificar los problemas de la profesi\u00f3n y ponerles remedio en lo posible.<\/span><\/li>\n<li><span>Establecer una colaboraci\u00f3n familia-educador en la educaci\u00f3n del ni\u00f1o.<\/span><\/li>\n<li><span>Conocer lo que les preocupa a los padres y orientarlos en su educaci\u00f3n del ni\u00f1o.<\/span><\/li>\n<li><span>Proporcionarles las herramientas necesarias para manejar al ni\u00f1o.<\/span><\/li>\n<\/ul>\n","protected":false},"excerpt":{"rendered":"<p>\u00cdNDICE GU\u00cdA DE ESTIMULACI\u00d3N PARA NI\u00d1OS DE 3 A 6 A\u00d1OS Conocer el proceso del desarrollo psicol\u00f3gico del ni\u00f1o de 3 a 6 a\u00f1os. Distinguir las caracter\u00edsticas del ni\u00f1o en las distintas \u00e1reas de su desarrollo. Comprender la forma de actuar en su interacci\u00f3n con el mundo que le rodea. Saber diferenciar entre desarrollo normal &hellip;<\/p>\n<p class=\"read-more\"> <a class=\"\" href=\"https:\/\/grupomartinturiel.es\/?product=guia-de-estimulacion-para-ninos-de-3-a-6-anos\"> <span class=\"screen-reader-text\">Gu\u00eda de estimulaci\u00f3n para ni\u00f1os de 3 a 6 a\u00f1os<\/span> Leer m\u00e1s &raquo;<\/a><\/p>\n","protected":false},"featured_media":515,"comment_status":"closed","ping_status":"closed","template":"","meta":{"site-sidebar-layout":"default","site-content-layout":"default","ast-site-content-layout":"","site-content-style":"default","site-sidebar-style":"default","ast-global-header-display":"","ast-banner-title-visibility":"","ast-main-header-display":"","ast-hfb-above-header-display":"","ast-hfb-below-header-display":"","ast-hfb-mobile-header-display":"","site-post-title":"","ast-breadcrumbs-content":"","ast-featured-img":"","footer-sml-layout":"","theme-transparent-header-meta":"default","adv-header-id-meta":"","stick-header-meta":"","header-above-stick-meta":"","header-main-stick-meta":"","header-below-stick-meta":"","astra-migrate-meta-layouts":"","ast-page-background-enabled":"default","ast-page-background-meta":{"desktop":{"background-color":"","background-image":"","background-repeat":"repeat","background-position":"center center","background-size":"auto","background-attachment":"scroll","background-type":"","background-media":"","overlay-type":"","overlay-color":"","overlay-gradient":""},"tablet":{"background-color":"","background-image":"","background-repeat":"repeat","background-position":"center center","background-size":"auto","background-attachment":"scroll","background-type":"","background-media":"","overlay-type":"","overlay-color":"","overlay-gradient":""},"mobile":{"background-color":"","background-image":"","background-repeat":"repeat","background-position":"center center","background-size":"auto","background-attachment":"scroll","background-type":"","background-media":"","overlay-type":"","overlay-color":"","overlay-gradient":""}},"ast-content-background-meta":{"desktop":{"background-color":"var(--ast-global-color-5)","background-image":"","background-repeat":"repeat","background-position":"center center","background-size":"auto","background-attachment":"scroll","background-type":"","background-media":"","overlay-type":"","overlay-color":"","overlay-gradient":""},"tablet":{"background-color":"var(--ast-global-color-5)","background-image":"","background-repeat":"repeat","background-position":"center center","background-size":"auto","background-attachment":"scroll","background-type":"","background-media":"","overlay-type":"","overlay-color":"","overlay-gradient":""},"mobile":{"background-color":"var(--ast-global-color-5)","background-image":"","background-repeat":"repeat","background-position":"center center","background-size":"auto","background-attachment":"scroll","background-type":"","background-media":"","overlay-type":"","overlay-color":"","overlay-gradient":""}}},"product_brand":[],"product_cat":[44],"product_tag":[],"class_list":{"0":"post-288","1":"product","2":"type-product","3":"status-publish","4":"has-post-thumbnail","6":"product_cat-educacion-infantil","7":"desktop-align-left","8":"tablet-align-left","9":"mobile-align-left","11":"first","12":"instock","13":"shipping-taxable","14":"product-type-simple"},"yoast_head":"<!-- This site is optimized with the Yoast SEO plugin v27.5 - https:\/\/yoast.com\/product\/yoast-seo-wordpress\/ -->\n<title>Gu\u00eda de estimulaci\u00f3n para ni\u00f1os de 3 a 6 a\u00f1os - Grupo Martin Turiel<\/title>\n<meta name=\"robots\" content=\"index, follow, max-snippet:-1, max-image-preview:large, max-video-preview:-1\" \/>\n<link rel=\"canonical\" href=\"https:\/\/grupomartinturiel.es\/curso\/guia-de-estimulacion-para-ninos-de-3-a-6-anos\/\" \/>\n<meta property=\"og:locale\" content=\"es_ES\" \/>\n<meta property=\"og:type\" content=\"article\" \/>\n<meta property=\"og:title\" content=\"Gu\u00eda de estimulaci\u00f3n para ni\u00f1os de 3 a 6 a\u00f1os - Grupo Martin Turiel\" \/>\n<meta property=\"og:description\" content=\"\u00cdNDICE GU\u00cdA DE ESTIMULACI\u00d3N PARA NI\u00d1OS DE 3 A 6 A\u00d1OS Conocer el proceso del desarrollo psicol\u00f3gico del ni\u00f1o de 3 a 6 a\u00f1os. Distinguir las caracter\u00edsticas del ni\u00f1o en las distintas \u00e1reas de su desarrollo. Comprender la forma de actuar en su interacci\u00f3n con el mundo que le rodea. Saber diferenciar entre desarrollo normal &hellip; Gu\u00eda de estimulaci\u00f3n para ni\u00f1os de 3 a 6 a\u00f1os Leer m\u00e1s &raquo;\" \/>\n<meta property=\"og:url\" content=\"https:\/\/grupomartinturiel.es\/curso\/guia-de-estimulacion-para-ninos-de-3-a-6-anos\/\" \/>\n<meta property=\"og:site_name\" content=\"Grupo Martin Turiel\" \/>\n<meta property=\"article:publisher\" content=\"https:\/\/www.facebook.com\/grupomartinturiel\/\" \/>\n<meta property=\"article:modified_time\" content=\"2021-05-21T10:48:10+00:00\" \/>\n<meta property=\"og:image\" content=\"https:\/\/grupomartinturiel.es\/wp-content\/uploads\/2021\/04\/Educacion-infantil.jpg\" \/>\n\t<meta property=\"og:image:width\" content=\"1920\" \/>\n\t<meta property=\"og:image:height\" content=\"1440\" \/>\n\t<meta property=\"og:image:type\" content=\"image\/jpeg\" \/>\n<meta name=\"twitter:card\" content=\"summary_large_image\" \/>\n<meta name=\"twitter:site\" content=\"@gmartinturiel\" \/>\n<meta name=\"twitter:label1\" content=\"Tiempo de lectura\" \/>\n\t<meta name=\"twitter:data1\" content=\"1 minuto\" \/>\n<script type=\"application\/ld+json\" class=\"yoast-schema-graph\">{\"@context\":\"https:\\\/\\\/schema.org\",\"@graph\":[{\"@type\":\"WebPage\",\"@id\":\"https:\\\/\\\/grupomartinturiel.es\\\/curso\\\/guia-de-estimulacion-para-ninos-de-3-a-6-anos\\\/\",\"url\":\"https:\\\/\\\/grupomartinturiel.es\\\/curso\\\/guia-de-estimulacion-para-ninos-de-3-a-6-anos\\\/\",\"name\":\"Gu\u00eda de estimulaci\u00f3n para ni\u00f1os de 3 a 6 a\u00f1os - Grupo Martin Turiel\",\"isPartOf\":{\"@id\":\"https:\\\/\\\/grupomartinturiel.es\\\/#website\"},\"primaryImageOfPage\":{\"@id\":\"https:\\\/\\\/grupomartinturiel.es\\\/curso\\\/guia-de-estimulacion-para-ninos-de-3-a-6-anos\\\/#primaryimage\"},\"image\":{\"@id\":\"https:\\\/\\\/grupomartinturiel.es\\\/curso\\\/guia-de-estimulacion-para-ninos-de-3-a-6-anos\\\/#primaryimage\"},\"thumbnailUrl\":\"https:\\\/\\\/grupomartinturiel.es\\\/wp-content\\\/uploads\\\/2021\\\/04\\\/Educacion-infantil.jpg\",\"datePublished\":\"2021-04-23T08:06:37+00:00\",\"dateModified\":\"2021-05-21T10:48:10+00:00\",\"breadcrumb\":{\"@id\":\"https:\\\/\\\/grupomartinturiel.es\\\/curso\\\/guia-de-estimulacion-para-ninos-de-3-a-6-anos\\\/#breadcrumb\"},\"inLanguage\":\"es\",\"potentialAction\":[{\"@type\":\"ReadAction\",\"target\":[\"https:\\\/\\\/grupomartinturiel.es\\\/curso\\\/guia-de-estimulacion-para-ninos-de-3-a-6-anos\\\/\"]}]},{\"@type\":\"ImageObject\",\"inLanguage\":\"es\",\"@id\":\"https:\\\/\\\/grupomartinturiel.es\\\/curso\\\/guia-de-estimulacion-para-ninos-de-3-a-6-anos\\\/#primaryimage\",\"url\":\"https:\\\/\\\/grupomartinturiel.es\\\/wp-content\\\/uploads\\\/2021\\\/04\\\/Educacion-infantil.jpg\",\"contentUrl\":\"https:\\\/\\\/grupomartinturiel.es\\\/wp-content\\\/uploads\\\/2021\\\/04\\\/Educacion-infantil.jpg\",\"width\":1920,\"height\":1440},{\"@type\":\"BreadcrumbList\",\"@id\":\"https:\\\/\\\/grupomartinturiel.es\\\/curso\\\/guia-de-estimulacion-para-ninos-de-3-a-6-anos\\\/#breadcrumb\",\"itemListElement\":[{\"@type\":\"ListItem\",\"position\":1,\"name\":\"Portada\",\"item\":\"https:\\\/\\\/grupomartinturiel.es\\\/\"},{\"@type\":\"ListItem\",\"position\":2,\"name\":\"Cursos online bonificados\",\"item\":\"https:\\\/\\\/grupomartinturiel.es\\\/?page_id=1495\"},{\"@type\":\"ListItem\",\"position\":3,\"name\":\"Gu\u00eda de estimulaci\u00f3n para ni\u00f1os de 3 a 6 a\u00f1os\"}]},{\"@type\":\"WebSite\",\"@id\":\"https:\\\/\\\/grupomartinturiel.es\\\/#website\",\"url\":\"https:\\\/\\\/grupomartinturiel.es\\\/\",\"name\":\"Grupo Martin Turiel\",\"description\":\"\",\"publisher\":{\"@id\":\"https:\\\/\\\/grupomartinturiel.es\\\/#organization\"},\"potentialAction\":[{\"@type\":\"SearchAction\",\"target\":{\"@type\":\"EntryPoint\",\"urlTemplate\":\"https:\\\/\\\/grupomartinturiel.es\\\/?s={search_term_string}\"},\"query-input\":{\"@type\":\"PropertyValueSpecification\",\"valueRequired\":true,\"valueName\":\"search_term_string\"}}],\"inLanguage\":\"es\"},{\"@type\":\"Organization\",\"@id\":\"https:\\\/\\\/grupomartinturiel.es\\\/#organization\",\"name\":\"Grupo Martin Turiel, S.L.\",\"url\":\"https:\\\/\\\/grupomartinturiel.es\\\/\",\"logo\":{\"@type\":\"ImageObject\",\"inLanguage\":\"es\",\"@id\":\"https:\\\/\\\/grupomartinturiel.es\\\/#\\\/schema\\\/logo\\\/image\\\/\",\"url\":\"https:\\\/\\\/grupomartinturiel.es\\\/wp-content\\\/uploads\\\/2021\\\/03\\\/cropped-Logo-web-2.png\",\"contentUrl\":\"https:\\\/\\\/grupomartinturiel.es\\\/wp-content\\\/uploads\\\/2021\\\/03\\\/cropped-Logo-web-2.png\",\"width\":200,\"height\":94,\"caption\":\"Grupo Martin Turiel, S.L.\"},\"image\":{\"@id\":\"https:\\\/\\\/grupomartinturiel.es\\\/#\\\/schema\\\/logo\\\/image\\\/\"},\"sameAs\":[\"https:\\\/\\\/www.facebook.com\\\/grupomartinturiel\\\/\",\"https:\\\/\\\/x.com\\\/gmartinturiel\",\"https:\\\/\\\/www.instagram.com\\\/Grupomartinturiel\\\/\",\"https:\\\/\\\/www.linkedin.com\\\/company\\\/grupo-martin-turiel\"]}]}<\/script>\n<!-- \/ Yoast SEO plugin. -->","yoast_head_json":{"title":"Gu\u00eda de estimulaci\u00f3n para ni\u00f1os de 3 a 6 a\u00f1os - Grupo Martin Turiel","robots":{"index":"index","follow":"follow","max-snippet":"max-snippet:-1","max-image-preview":"max-image-preview:large","max-video-preview":"max-video-preview:-1"},"canonical":"https:\/\/grupomartinturiel.es\/curso\/guia-de-estimulacion-para-ninos-de-3-a-6-anos\/","og_locale":"es_ES","og_type":"article","og_title":"Gu\u00eda de estimulaci\u00f3n para ni\u00f1os de 3 a 6 a\u00f1os - Grupo Martin Turiel","og_description":"\u00cdNDICE GU\u00cdA DE ESTIMULACI\u00d3N PARA NI\u00d1OS DE 3 A 6 A\u00d1OS Conocer el proceso del desarrollo psicol\u00f3gico del ni\u00f1o de 3 a 6 a\u00f1os. Distinguir las caracter\u00edsticas del ni\u00f1o en las distintas \u00e1reas de su desarrollo. Comprender la forma de actuar en su interacci\u00f3n con el mundo que le rodea. Saber diferenciar entre desarrollo normal &hellip; Gu\u00eda de estimulaci\u00f3n para ni\u00f1os de 3 a 6 a\u00f1os Leer m\u00e1s &raquo;","og_url":"https:\/\/grupomartinturiel.es\/curso\/guia-de-estimulacion-para-ninos-de-3-a-6-anos\/","og_site_name":"Grupo Martin Turiel","article_publisher":"https:\/\/www.facebook.com\/grupomartinturiel\/","article_modified_time":"2021-05-21T10:48:10+00:00","og_image":[{"width":1920,"height":1440,"url":"https:\/\/grupomartinturiel.es\/wp-content\/uploads\/2021\/04\/Educacion-infantil.jpg","type":"image\/jpeg"}],"twitter_card":"summary_large_image","twitter_site":"@gmartinturiel","twitter_misc":{"Tiempo de lectura":"1 minuto"},"schema":{"@context":"https:\/\/schema.org","@graph":[{"@type":"WebPage","@id":"https:\/\/grupomartinturiel.es\/curso\/guia-de-estimulacion-para-ninos-de-3-a-6-anos\/","url":"https:\/\/grupomartinturiel.es\/curso\/guia-de-estimulacion-para-ninos-de-3-a-6-anos\/","name":"Gu\u00eda de estimulaci\u00f3n para ni\u00f1os de 3 a 6 a\u00f1os - Grupo Martin Turiel","isPartOf":{"@id":"https:\/\/grupomartinturiel.es\/#website"},"primaryImageOfPage":{"@id":"https:\/\/grupomartinturiel.es\/curso\/guia-de-estimulacion-para-ninos-de-3-a-6-anos\/#primaryimage"},"image":{"@id":"https:\/\/grupomartinturiel.es\/curso\/guia-de-estimulacion-para-ninos-de-3-a-6-anos\/#primaryimage"},"thumbnailUrl":"https:\/\/grupomartinturiel.es\/wp-content\/uploads\/2021\/04\/Educacion-infantil.jpg","datePublished":"2021-04-23T08:06:37+00:00","dateModified":"2021-05-21T10:48:10+00:00","breadcrumb":{"@id":"https:\/\/grupomartinturiel.es\/curso\/guia-de-estimulacion-para-ninos-de-3-a-6-anos\/#breadcrumb"},"inLanguage":"es","potentialAction":[{"@type":"ReadAction","target":["https:\/\/grupomartinturiel.es\/curso\/guia-de-estimulacion-para-ninos-de-3-a-6-anos\/"]}]},{"@type":"ImageObject","inLanguage":"es","@id":"https:\/\/grupomartinturiel.es\/curso\/guia-de-estimulacion-para-ninos-de-3-a-6-anos\/#primaryimage","url":"https:\/\/grupomartinturiel.es\/wp-content\/uploads\/2021\/04\/Educacion-infantil.jpg","contentUrl":"https:\/\/grupomartinturiel.es\/wp-content\/uploads\/2021\/04\/Educacion-infantil.jpg","width":1920,"height":1440},{"@type":"BreadcrumbList","@id":"https:\/\/grupomartinturiel.es\/curso\/guia-de-estimulacion-para-ninos-de-3-a-6-anos\/#breadcrumb","itemListElement":[{"@type":"ListItem","position":1,"name":"Portada","item":"https:\/\/grupomartinturiel.es\/"},{"@type":"ListItem","position":2,"name":"Cursos online bonificados","item":"https:\/\/grupomartinturiel.es\/?page_id=1495"},{"@type":"ListItem","position":3,"name":"Gu\u00eda de estimulaci\u00f3n para ni\u00f1os de 3 a 6 a\u00f1os"}]},{"@type":"WebSite","@id":"https:\/\/grupomartinturiel.es\/#website","url":"https:\/\/grupomartinturiel.es\/","name":"Grupo Martin Turiel","description":"","publisher":{"@id":"https:\/\/grupomartinturiel.es\/#organization"},"potentialAction":[{"@type":"SearchAction","target":{"@type":"EntryPoint","urlTemplate":"https:\/\/grupomartinturiel.es\/?s={search_term_string}"},"query-input":{"@type":"PropertyValueSpecification","valueRequired":true,"valueName":"search_term_string"}}],"inLanguage":"es"},{"@type":"Organization","@id":"https:\/\/grupomartinturiel.es\/#organization","name":"Grupo Martin Turiel, S.L.","url":"https:\/\/grupomartinturiel.es\/","logo":{"@type":"ImageObject","inLanguage":"es","@id":"https:\/\/grupomartinturiel.es\/#\/schema\/logo\/image\/","url":"https:\/\/grupomartinturiel.es\/wp-content\/uploads\/2021\/03\/cropped-Logo-web-2.png","contentUrl":"https:\/\/grupomartinturiel.es\/wp-content\/uploads\/2021\/03\/cropped-Logo-web-2.png","width":200,"height":94,"caption":"Grupo Martin Turiel, S.L."},"image":{"@id":"https:\/\/grupomartinturiel.es\/#\/schema\/logo\/image\/"},"sameAs":["https:\/\/www.facebook.com\/grupomartinturiel\/","https:\/\/x.com\/gmartinturiel","https:\/\/www.instagram.com\/Grupomartinturiel\/","https:\/\/www.linkedin.com\/company\/grupo-martin-turiel"]}]}},"_links":{"self":[{"href":"https:\/\/grupomartinturiel.es\/index.php?rest_route=\/wp\/v2\/product\/288","targetHints":{"allow":["GET"]}}],"collection":[{"href":"https:\/\/grupomartinturiel.es\/index.php?rest_route=\/wp\/v2\/product"}],"about":[{"href":"https:\/\/grupomartinturiel.es\/index.php?rest_route=\/wp\/v2\/types\/product"}],"replies":[{"embeddable":true,"href":"https:\/\/grupomartinturiel.es\/index.php?rest_route=%2Fwp%2Fv2%2Fcomments&post=288"}],"wp:featuredmedia":[{"embeddable":true,"href":"https:\/\/grupomartinturiel.es\/index.php?rest_route=\/wp\/v2\/media\/515"}],"wp:attachment":[{"href":"https:\/\/grupomartinturiel.es\/index.php?rest_route=%2Fwp%2Fv2%2Fmedia&parent=288"}],"wp:term":[{"taxonomy":"product_brand","embeddable":true,"href":"https:\/\/grupomartinturiel.es\/index.php?rest_route=%2Fwp%2Fv2%2Fproduct_brand&post=288"},{"taxonomy":"product_cat","embeddable":true,"href":"https:\/\/grupomartinturiel.es\/index.php?rest_route=%2Fwp%2Fv2%2Fproduct_cat&post=288"},{"taxonomy":"product_tag","embeddable":true,"href":"https:\/\/grupomartinturiel.es\/index.php?rest_route=%2Fwp%2Fv2%2Fproduct_tag&post=288"}],"curies":[{"name":"wp","href":"https:\/\/api.w.org\/{rel}","templated":true}]}}