{"id":329,"date":"2021-04-23T08:06:44","date_gmt":"2021-04-23T08:06:44","guid":{"rendered":"https:\/\/grupomartinturiel.es\/producto\/frances-atencion-al-cliente\/"},"modified":"2021-05-21T10:48:17","modified_gmt":"2021-05-21T10:48:17","slug":"frances-atencion-al-cliente","status":"publish","type":"product","link":"https:\/\/grupomartinturiel.es\/?product=frances-atencion-al-cliente","title":{"rendered":"Franc\u00e9s. Atenci\u00f3n al cliente"},"content":{"rendered":"<h2>OBJETIVOS CURSO BONIFICADO ONLINE FRANCES. ATENCION AL CLIENTE<\/h2>\n<ul>\n<li><span>Dotar al alumno de las bases sint\u00e1cticas para iniciarse en la lengua francesa.<\/span><\/li>\n<li><span>Conocimientos gramaticales fundamentales sobre el uso de los verbos, las conjugaciones y los modos.<\/span><\/li>\n<li><span>Uso correcto de los pronombres, adverbios, conjunciones.<\/span><\/li>\n<li><span>Lograr una correcta pronunciaci\u00f3n de vocales y consonantes.<\/span><\/li>\n<li><span>Conocer cu\u00e1les son los sonidos sordos y sonoros en el franc\u00e9s.<\/span><\/li>\n<li><span>Poder establecer un di\u00e1logo informativo con clientes que necesiten ser atendidos en temas b\u00e1sicos.<\/span><\/li>\n<li><span>Dominio de la comunicaci\u00f3n con el cliente a nivel b\u00e1sico, el saludo y la despedida.<\/span><\/li>\n<li><span>Nociones b\u00e1sicas del protocolo profesional franc\u00e9s, presentaciones y frases de cortes\u00eda.<\/span><\/li>\n<li><span>F\u00f3rmulas para informar y proponer.<\/span><\/li>\n<li><span>Ampliaci\u00f3n de vocabulario profesional de oficina.<\/span><\/li>\n<\/ul>\n","protected":false},"excerpt":{"rendered":"<p>OBJETIVOS CURSO BONIFICADO ONLINE FRANCES. ATENCION AL CLIENTE Dotar al alumno de las bases sint\u00e1cticas para iniciarse en la lengua francesa. Conocimientos gramaticales fundamentales sobre el uso de los verbos, las conjugaciones y los modos. Uso correcto de los pronombres, adverbios, conjunciones. Lograr una correcta pronunciaci\u00f3n de vocales y consonantes. Conocer cu\u00e1les son los sonidos &hellip;<\/p>\n<p class=\"read-more\"> <a class=\"\" href=\"https:\/\/grupomartinturiel.es\/?product=frances-atencion-al-cliente\"> <span class=\"screen-reader-text\">Franc\u00e9s. Atenci\u00f3n al cliente<\/span> Leer m\u00e1s &raquo;<\/a><\/p>\n","protected":false},"featured_media":575,"comment_status":"closed","ping_status":"closed","template":"","meta":{"site-sidebar-layout":"default","site-content-layout":"default","ast-site-content-layout":"","site-content-style":"default","site-sidebar-style":"default","ast-global-header-display":"","ast-banner-title-visibility":"","ast-main-header-display":"","ast-hfb-above-header-display":"","ast-hfb-below-header-display":"","ast-hfb-mobile-header-display":"","site-post-title":"","ast-breadcrumbs-content":"","ast-featured-img":"","footer-sml-layout":"","theme-transparent-header-meta":"default","adv-header-id-meta":"","stick-header-meta":"","header-above-stick-meta":"","header-main-stick-meta":"","header-below-stick-meta":"","astra-migrate-meta-layouts":"","ast-page-background-enabled":"default","ast-page-background-meta":{"desktop":{"background-color":"","background-image":"","background-repeat":"repeat","background-position":"center center","background-size":"auto","background-attachment":"scroll","background-type":"","background-media":"","overlay-type":"","overlay-color":"","overlay-gradient":""},"tablet":{"background-color":"","background-image":"","background-repeat":"repeat","background-position":"center center","background-size":"auto","background-attachment":"scroll","background-type":"","background-media":"","overlay-type":"","overlay-color":"","overlay-gradient":""},"mobile":{"background-color":"","background-image":"","background-repeat":"repeat","background-position":"center center","background-size":"auto","background-attachment":"scroll","background-type":"","background-media":"","overlay-type":"","overlay-color":"","overlay-gradient":""}},"ast-content-background-meta":{"desktop":{"background-color":"var(--ast-global-color-5)","background-image":"","background-repeat":"repeat","background-position":"center center","background-size":"auto","background-attachment":"scroll","background-type":"","background-media":"","overlay-type":"","overlay-color":"","overlay-gradient":""},"tablet":{"background-color":"var(--ast-global-color-5)","background-image":"","background-repeat":"repeat","background-position":"center center","background-size":"auto","background-attachment":"scroll","background-type":"","background-media":"","overlay-type":"","overlay-color":"","overlay-gradient":""},"mobile":{"background-color":"var(--ast-global-color-5)","background-image":"","background-repeat":"repeat","background-position":"center center","background-size":"auto","background-attachment":"scroll","background-type":"","background-media":"","overlay-type":"","overlay-color":"","overlay-gradient":""}}},"product_brand":[],"product_cat":[37],"product_tag":[],"class_list":{"0":"post-329","1":"product","2":"type-product","3":"status-publish","4":"has-post-thumbnail","6":"product_cat-idiomas","7":"desktop-align-left","8":"tablet-align-left","9":"mobile-align-left","11":"first","12":"instock","13":"shipping-taxable","14":"product-type-simple"},"yoast_head":"<!-- This site is optimized with the Yoast SEO plugin v27.5 - https:\/\/yoast.com\/product\/yoast-seo-wordpress\/ -->\n<title>Franc\u00e9s. Atenci\u00f3n al cliente - Grupo Martin Turiel<\/title>\n<meta name=\"robots\" content=\"index, follow, max-snippet:-1, max-image-preview:large, max-video-preview:-1\" \/>\n<link rel=\"canonical\" href=\"https:\/\/grupomartinturiel.es\/curso\/frances-atencion-al-cliente\/\" \/>\n<meta property=\"og:locale\" content=\"es_ES\" \/>\n<meta property=\"og:type\" content=\"article\" \/>\n<meta property=\"og:title\" content=\"Franc\u00e9s. Atenci\u00f3n al cliente - Grupo Martin Turiel\" \/>\n<meta property=\"og:description\" content=\"OBJETIVOS CURSO BONIFICADO ONLINE FRANCES. ATENCION AL CLIENTE Dotar al alumno de las bases sint\u00e1cticas para iniciarse en la lengua francesa. Conocimientos gramaticales fundamentales sobre el uso de los verbos, las conjugaciones y los modos. Uso correcto de los pronombres, adverbios, conjunciones. Lograr una correcta pronunciaci\u00f3n de vocales y consonantes. Conocer cu\u00e1les son los sonidos &hellip; Franc\u00e9s. Atenci\u00f3n al cliente Leer m\u00e1s &raquo;\" \/>\n<meta property=\"og:url\" content=\"https:\/\/grupomartinturiel.es\/curso\/frances-atencion-al-cliente\/\" \/>\n<meta property=\"og:site_name\" content=\"Grupo Martin Turiel\" \/>\n<meta property=\"article:publisher\" content=\"https:\/\/www.facebook.com\/grupomartinturiel\/\" \/>\n<meta property=\"article:modified_time\" content=\"2021-05-21T10:48:17+00:00\" \/>\n<meta property=\"og:image\" content=\"https:\/\/grupomartinturiel.es\/wp-content\/uploads\/2021\/04\/Idiomas.jpg\" \/>\n\t<meta property=\"og:image:width\" content=\"1920\" \/>\n\t<meta property=\"og:image:height\" content=\"1440\" \/>\n\t<meta property=\"og:image:type\" content=\"image\/jpeg\" \/>\n<meta name=\"twitter:card\" content=\"summary_large_image\" \/>\n<meta name=\"twitter:site\" content=\"@gmartinturiel\" \/>\n<meta name=\"twitter:label1\" content=\"Tiempo de lectura\" \/>\n\t<meta name=\"twitter:data1\" content=\"1 minuto\" \/>\n<script type=\"application\/ld+json\" class=\"yoast-schema-graph\">{\"@context\":\"https:\\\/\\\/schema.org\",\"@graph\":[{\"@type\":\"WebPage\",\"@id\":\"https:\\\/\\\/grupomartinturiel.es\\\/curso\\\/frances-atencion-al-cliente\\\/\",\"url\":\"https:\\\/\\\/grupomartinturiel.es\\\/curso\\\/frances-atencion-al-cliente\\\/\",\"name\":\"Franc\u00e9s. Atenci\u00f3n al cliente - Grupo Martin Turiel\",\"isPartOf\":{\"@id\":\"https:\\\/\\\/grupomartinturiel.es\\\/#website\"},\"primaryImageOfPage\":{\"@id\":\"https:\\\/\\\/grupomartinturiel.es\\\/curso\\\/frances-atencion-al-cliente\\\/#primaryimage\"},\"image\":{\"@id\":\"https:\\\/\\\/grupomartinturiel.es\\\/curso\\\/frances-atencion-al-cliente\\\/#primaryimage\"},\"thumbnailUrl\":\"https:\\\/\\\/grupomartinturiel.es\\\/wp-content\\\/uploads\\\/2021\\\/04\\\/Idiomas.jpg\",\"datePublished\":\"2021-04-23T08:06:44+00:00\",\"dateModified\":\"2021-05-21T10:48:17+00:00\",\"breadcrumb\":{\"@id\":\"https:\\\/\\\/grupomartinturiel.es\\\/curso\\\/frances-atencion-al-cliente\\\/#breadcrumb\"},\"inLanguage\":\"es\",\"potentialAction\":[{\"@type\":\"ReadAction\",\"target\":[\"https:\\\/\\\/grupomartinturiel.es\\\/curso\\\/frances-atencion-al-cliente\\\/\"]}]},{\"@type\":\"ImageObject\",\"inLanguage\":\"es\",\"@id\":\"https:\\\/\\\/grupomartinturiel.es\\\/curso\\\/frances-atencion-al-cliente\\\/#primaryimage\",\"url\":\"https:\\\/\\\/grupomartinturiel.es\\\/wp-content\\\/uploads\\\/2021\\\/04\\\/Idiomas.jpg\",\"contentUrl\":\"https:\\\/\\\/grupomartinturiel.es\\\/wp-content\\\/uploads\\\/2021\\\/04\\\/Idiomas.jpg\",\"width\":1920,\"height\":1440},{\"@type\":\"BreadcrumbList\",\"@id\":\"https:\\\/\\\/grupomartinturiel.es\\\/curso\\\/frances-atencion-al-cliente\\\/#breadcrumb\",\"itemListElement\":[{\"@type\":\"ListItem\",\"position\":1,\"name\":\"Portada\",\"item\":\"https:\\\/\\\/grupomartinturiel.es\\\/\"},{\"@type\":\"ListItem\",\"position\":2,\"name\":\"Cursos online bonificados\",\"item\":\"https:\\\/\\\/grupomartinturiel.es\\\/?page_id=1495\"},{\"@type\":\"ListItem\",\"position\":3,\"name\":\"Franc\u00e9s. Atenci\u00f3n al cliente\"}]},{\"@type\":\"WebSite\",\"@id\":\"https:\\\/\\\/grupomartinturiel.es\\\/#website\",\"url\":\"https:\\\/\\\/grupomartinturiel.es\\\/\",\"name\":\"Grupo Martin Turiel\",\"description\":\"\",\"publisher\":{\"@id\":\"https:\\\/\\\/grupomartinturiel.es\\\/#organization\"},\"potentialAction\":[{\"@type\":\"SearchAction\",\"target\":{\"@type\":\"EntryPoint\",\"urlTemplate\":\"https:\\\/\\\/grupomartinturiel.es\\\/?s={search_term_string}\"},\"query-input\":{\"@type\":\"PropertyValueSpecification\",\"valueRequired\":true,\"valueName\":\"search_term_string\"}}],\"inLanguage\":\"es\"},{\"@type\":\"Organization\",\"@id\":\"https:\\\/\\\/grupomartinturiel.es\\\/#organization\",\"name\":\"Grupo Martin Turiel, S.L.\",\"url\":\"https:\\\/\\\/grupomartinturiel.es\\\/\",\"logo\":{\"@type\":\"ImageObject\",\"inLanguage\":\"es\",\"@id\":\"https:\\\/\\\/grupomartinturiel.es\\\/#\\\/schema\\\/logo\\\/image\\\/\",\"url\":\"https:\\\/\\\/grupomartinturiel.es\\\/wp-content\\\/uploads\\\/2021\\\/03\\\/cropped-Logo-web-2.png\",\"contentUrl\":\"https:\\\/\\\/grupomartinturiel.es\\\/wp-content\\\/uploads\\\/2021\\\/03\\\/cropped-Logo-web-2.png\",\"width\":200,\"height\":94,\"caption\":\"Grupo Martin Turiel, S.L.\"},\"image\":{\"@id\":\"https:\\\/\\\/grupomartinturiel.es\\\/#\\\/schema\\\/logo\\\/image\\\/\"},\"sameAs\":[\"https:\\\/\\\/www.facebook.com\\\/grupomartinturiel\\\/\",\"https:\\\/\\\/x.com\\\/gmartinturiel\",\"https:\\\/\\\/www.instagram.com\\\/Grupomartinturiel\\\/\",\"https:\\\/\\\/www.linkedin.com\\\/company\\\/grupo-martin-turiel\"]}]}<\/script>\n<!-- \/ Yoast SEO plugin. -->","yoast_head_json":{"title":"Franc\u00e9s. Atenci\u00f3n al cliente - Grupo Martin Turiel","robots":{"index":"index","follow":"follow","max-snippet":"max-snippet:-1","max-image-preview":"max-image-preview:large","max-video-preview":"max-video-preview:-1"},"canonical":"https:\/\/grupomartinturiel.es\/curso\/frances-atencion-al-cliente\/","og_locale":"es_ES","og_type":"article","og_title":"Franc\u00e9s. Atenci\u00f3n al cliente - Grupo Martin Turiel","og_description":"OBJETIVOS CURSO BONIFICADO ONLINE FRANCES. ATENCION AL CLIENTE Dotar al alumno de las bases sint\u00e1cticas para iniciarse en la lengua francesa. Conocimientos gramaticales fundamentales sobre el uso de los verbos, las conjugaciones y los modos. Uso correcto de los pronombres, adverbios, conjunciones. Lograr una correcta pronunciaci\u00f3n de vocales y consonantes. Conocer cu\u00e1les son los sonidos &hellip; Franc\u00e9s. Atenci\u00f3n al cliente Leer m\u00e1s &raquo;","og_url":"https:\/\/grupomartinturiel.es\/curso\/frances-atencion-al-cliente\/","og_site_name":"Grupo Martin Turiel","article_publisher":"https:\/\/www.facebook.com\/grupomartinturiel\/","article_modified_time":"2021-05-21T10:48:17+00:00","og_image":[{"width":1920,"height":1440,"url":"https:\/\/grupomartinturiel.es\/wp-content\/uploads\/2021\/04\/Idiomas.jpg","type":"image\/jpeg"}],"twitter_card":"summary_large_image","twitter_site":"@gmartinturiel","twitter_misc":{"Tiempo de lectura":"1 minuto"},"schema":{"@context":"https:\/\/schema.org","@graph":[{"@type":"WebPage","@id":"https:\/\/grupomartinturiel.es\/curso\/frances-atencion-al-cliente\/","url":"https:\/\/grupomartinturiel.es\/curso\/frances-atencion-al-cliente\/","name":"Franc\u00e9s. Atenci\u00f3n al cliente - Grupo Martin Turiel","isPartOf":{"@id":"https:\/\/grupomartinturiel.es\/#website"},"primaryImageOfPage":{"@id":"https:\/\/grupomartinturiel.es\/curso\/frances-atencion-al-cliente\/#primaryimage"},"image":{"@id":"https:\/\/grupomartinturiel.es\/curso\/frances-atencion-al-cliente\/#primaryimage"},"thumbnailUrl":"https:\/\/grupomartinturiel.es\/wp-content\/uploads\/2021\/04\/Idiomas.jpg","datePublished":"2021-04-23T08:06:44+00:00","dateModified":"2021-05-21T10:48:17+00:00","breadcrumb":{"@id":"https:\/\/grupomartinturiel.es\/curso\/frances-atencion-al-cliente\/#breadcrumb"},"inLanguage":"es","potentialAction":[{"@type":"ReadAction","target":["https:\/\/grupomartinturiel.es\/curso\/frances-atencion-al-cliente\/"]}]},{"@type":"ImageObject","inLanguage":"es","@id":"https:\/\/grupomartinturiel.es\/curso\/frances-atencion-al-cliente\/#primaryimage","url":"https:\/\/grupomartinturiel.es\/wp-content\/uploads\/2021\/04\/Idiomas.jpg","contentUrl":"https:\/\/grupomartinturiel.es\/wp-content\/uploads\/2021\/04\/Idiomas.jpg","width":1920,"height":1440},{"@type":"BreadcrumbList","@id":"https:\/\/grupomartinturiel.es\/curso\/frances-atencion-al-cliente\/#breadcrumb","itemListElement":[{"@type":"ListItem","position":1,"name":"Portada","item":"https:\/\/grupomartinturiel.es\/"},{"@type":"ListItem","position":2,"name":"Cursos online bonificados","item":"https:\/\/grupomartinturiel.es\/?page_id=1495"},{"@type":"ListItem","position":3,"name":"Franc\u00e9s. Atenci\u00f3n al cliente"}]},{"@type":"WebSite","@id":"https:\/\/grupomartinturiel.es\/#website","url":"https:\/\/grupomartinturiel.es\/","name":"Grupo Martin Turiel","description":"","publisher":{"@id":"https:\/\/grupomartinturiel.es\/#organization"},"potentialAction":[{"@type":"SearchAction","target":{"@type":"EntryPoint","urlTemplate":"https:\/\/grupomartinturiel.es\/?s={search_term_string}"},"query-input":{"@type":"PropertyValueSpecification","valueRequired":true,"valueName":"search_term_string"}}],"inLanguage":"es"},{"@type":"Organization","@id":"https:\/\/grupomartinturiel.es\/#organization","name":"Grupo Martin Turiel, S.L.","url":"https:\/\/grupomartinturiel.es\/","logo":{"@type":"ImageObject","inLanguage":"es","@id":"https:\/\/grupomartinturiel.es\/#\/schema\/logo\/image\/","url":"https:\/\/grupomartinturiel.es\/wp-content\/uploads\/2021\/03\/cropped-Logo-web-2.png","contentUrl":"https:\/\/grupomartinturiel.es\/wp-content\/uploads\/2021\/03\/cropped-Logo-web-2.png","width":200,"height":94,"caption":"Grupo Martin Turiel, S.L."},"image":{"@id":"https:\/\/grupomartinturiel.es\/#\/schema\/logo\/image\/"},"sameAs":["https:\/\/www.facebook.com\/grupomartinturiel\/","https:\/\/x.com\/gmartinturiel","https:\/\/www.instagram.com\/Grupomartinturiel\/","https:\/\/www.linkedin.com\/company\/grupo-martin-turiel"]}]}},"_links":{"self":[{"href":"https:\/\/grupomartinturiel.es\/index.php?rest_route=\/wp\/v2\/product\/329","targetHints":{"allow":["GET"]}}],"collection":[{"href":"https:\/\/grupomartinturiel.es\/index.php?rest_route=\/wp\/v2\/product"}],"about":[{"href":"https:\/\/grupomartinturiel.es\/index.php?rest_route=\/wp\/v2\/types\/product"}],"replies":[{"embeddable":true,"href":"https:\/\/grupomartinturiel.es\/index.php?rest_route=%2Fwp%2Fv2%2Fcomments&post=329"}],"wp:featuredmedia":[{"embeddable":true,"href":"https:\/\/grupomartinturiel.es\/index.php?rest_route=\/wp\/v2\/media\/575"}],"wp:attachment":[{"href":"https:\/\/grupomartinturiel.es\/index.php?rest_route=%2Fwp%2Fv2%2Fmedia&parent=329"}],"wp:term":[{"taxonomy":"product_brand","embeddable":true,"href":"https:\/\/grupomartinturiel.es\/index.php?rest_route=%2Fwp%2Fv2%2Fproduct_brand&post=329"},{"taxonomy":"product_cat","embeddable":true,"href":"https:\/\/grupomartinturiel.es\/index.php?rest_route=%2Fwp%2Fv2%2Fproduct_cat&post=329"},{"taxonomy":"product_tag","embeddable":true,"href":"https:\/\/grupomartinturiel.es\/index.php?rest_route=%2Fwp%2Fv2%2Fproduct_tag&post=329"}],"curies":[{"name":"wp","href":"https:\/\/api.w.org\/{rel}","templated":true}]}}