{"id":351,"date":"2021-04-23T08:06:46","date_gmt":"2021-04-23T08:06:46","guid":{"rendered":"https:\/\/grupomartinturiel.es\/producto\/comunicacion-eficaz-en-la-empresa\/"},"modified":"2021-05-21T10:48:20","modified_gmt":"2021-05-21T10:48:20","slug":"comunicacion-eficaz-en-la-empresa","status":"publish","type":"product","link":"https:\/\/grupomartinturiel.es\/?product=comunicacion-eficaz-en-la-empresa","title":{"rendered":"Comunicaci\u00f3n eficaz en la empresa"},"content":{"rendered":"<h2>OBJETIVOS CURSO BONIFICADO ONLINE COMUNICACION EFICAZ EN LA EMPRESA<\/h2>\n<ul>\n<li><span>Conocer en qu\u00e9 consiste la comunicaci\u00f3n eficaz, desde sus or\u00edgenes, el proceso que conlleva las relaciones humanas, y cu\u00e1les son los factores que intervienen en las mismas.<\/span><\/li>\n<li><span>Aprender a escuchar activamente, reconociendo los estados de \u00e1nimo propios y ajenos y logrando controlando los sentimientos y emociones que puedan afectar en nuestra comunicaci\u00f3n.<\/span><\/li>\n<li><span>Dominar las distintas barreras de la comunicaci\u00f3n y conocer el contexto apropiado para desarrollarla.<\/span><\/li>\n<li><span>Correcto uso de la comunicaci\u00f3n hablada, poder graduar la voz, la velocidad y la entonaci\u00f3n.<\/span><\/li>\n<li><span>Aprender a controlar los gestos mientras nos comunicamos mediante t\u00e9cnicas para conocer nuestro lenguaje corporal.<\/span><\/li>\n<li><span>Uso correcto de los distintos tipos de comunicaci\u00f3n organizacional, sobre todo la comunicaci\u00f3n formal.<\/span><\/li>\n<li><span>Introducci\u00f3n a t\u00e9cnicas de inteligencia emocional, persuasi\u00f3n y programaci\u00f3n neuroling\u00fc\u00edstica, para aumentar la efectividad de nuestra comunicaci\u00f3n.<\/span><\/li>\n<li><span>Conocer las trampas habituales del lenguaje, uso de las habilidades comunicativas para mejorar profesionalmente.<\/span><\/li>\n<\/ul>\n","protected":false},"excerpt":{"rendered":"<p>OBJETIVOS CURSO BONIFICADO ONLINE COMUNICACION EFICAZ EN LA EMPRESA Conocer en qu\u00e9 consiste la comunicaci\u00f3n eficaz, desde sus or\u00edgenes, el proceso que conlleva las relaciones humanas, y cu\u00e1les son los factores que intervienen en las mismas. Aprender a escuchar activamente, reconociendo los estados de \u00e1nimo propios y ajenos y logrando controlando los sentimientos y emociones &hellip;<\/p>\n<p class=\"read-more\"> <a class=\"\" href=\"https:\/\/grupomartinturiel.es\/?product=comunicacion-eficaz-en-la-empresa\"> <span class=\"screen-reader-text\">Comunicaci\u00f3n eficaz en la empresa<\/span> Leer m\u00e1s &raquo;<\/a><\/p>\n","protected":false},"featured_media":580,"comment_status":"closed","ping_status":"closed","template":"","meta":{"site-sidebar-layout":"default","site-content-layout":"default","ast-site-content-layout":"","site-content-style":"default","site-sidebar-style":"default","ast-global-header-display":"","ast-banner-title-visibility":"","ast-main-header-display":"","ast-hfb-above-header-display":"","ast-hfb-below-header-display":"","ast-hfb-mobile-header-display":"","site-post-title":"","ast-breadcrumbs-content":"","ast-featured-img":"","footer-sml-layout":"","theme-transparent-header-meta":"default","adv-header-id-meta":"","stick-header-meta":"","header-above-stick-meta":"","header-main-stick-meta":"","header-below-stick-meta":"","astra-migrate-meta-layouts":"","ast-page-background-enabled":"default","ast-page-background-meta":{"desktop":{"background-color":"","background-image":"","background-repeat":"repeat","background-position":"center center","background-size":"auto","background-attachment":"scroll","background-type":"","background-media":"","overlay-type":"","overlay-color":"","overlay-gradient":""},"tablet":{"background-color":"","background-image":"","background-repeat":"repeat","background-position":"center center","background-size":"auto","background-attachment":"scroll","background-type":"","background-media":"","overlay-type":"","overlay-color":"","overlay-gradient":""},"mobile":{"background-color":"","background-image":"","background-repeat":"repeat","background-position":"center center","background-size":"auto","background-attachment":"scroll","background-type":"","background-media":"","overlay-type":"","overlay-color":"","overlay-gradient":""}},"ast-content-background-meta":{"desktop":{"background-color":"var(--ast-global-color-5)","background-image":"","background-repeat":"repeat","background-position":"center center","background-size":"auto","background-attachment":"scroll","background-type":"","background-media":"","overlay-type":"","overlay-color":"","overlay-gradient":""},"tablet":{"background-color":"var(--ast-global-color-5)","background-image":"","background-repeat":"repeat","background-position":"center center","background-size":"auto","background-attachment":"scroll","background-type":"","background-media":"","overlay-type":"","overlay-color":"","overlay-gradient":""},"mobile":{"background-color":"var(--ast-global-color-5)","background-image":"","background-repeat":"repeat","background-position":"center center","background-size":"auto","background-attachment":"scroll","background-type":"","background-media":"","overlay-type":"","overlay-color":"","overlay-gradient":""}}},"product_brand":[],"product_cat":[47],"product_tag":[],"class_list":{"0":"post-351","1":"product","2":"type-product","3":"status-publish","4":"has-post-thumbnail","6":"product_cat-liderazgo-y-desarrollo-personal","7":"desktop-align-left","8":"tablet-align-left","9":"mobile-align-left","11":"first","12":"instock","13":"shipping-taxable","14":"product-type-simple"},"yoast_head":"<!-- This site is optimized with the Yoast SEO plugin v27.3 - https:\/\/yoast.com\/product\/yoast-seo-wordpress\/ -->\n<title>Comunicaci\u00f3n eficaz en la empresa - Grupo Martin Turiel<\/title>\n<meta name=\"robots\" content=\"index, follow, max-snippet:-1, max-image-preview:large, max-video-preview:-1\" \/>\n<link rel=\"canonical\" href=\"https:\/\/grupomartinturiel.es\/curso\/comunicacion-eficaz-en-la-empresa\/\" \/>\n<meta property=\"og:locale\" content=\"es_ES\" \/>\n<meta property=\"og:type\" content=\"article\" \/>\n<meta property=\"og:title\" content=\"Comunicaci\u00f3n eficaz en la empresa - Grupo Martin Turiel\" \/>\n<meta property=\"og:description\" content=\"OBJETIVOS CURSO BONIFICADO ONLINE COMUNICACION EFICAZ EN LA EMPRESA Conocer en qu\u00e9 consiste la comunicaci\u00f3n eficaz, desde sus or\u00edgenes, el proceso que conlleva las relaciones humanas, y cu\u00e1les son los factores que intervienen en las mismas. Aprender a escuchar activamente, reconociendo los estados de \u00e1nimo propios y ajenos y logrando controlando los sentimientos y emociones &hellip; Comunicaci\u00f3n eficaz en la empresa Leer m\u00e1s &raquo;\" \/>\n<meta property=\"og:url\" content=\"https:\/\/grupomartinturiel.es\/curso\/comunicacion-eficaz-en-la-empresa\/\" \/>\n<meta property=\"og:site_name\" content=\"Grupo Martin Turiel\" \/>\n<meta property=\"article:publisher\" content=\"https:\/\/www.facebook.com\/grupomartinturiel\/\" \/>\n<meta property=\"article:modified_time\" content=\"2021-05-21T10:48:20+00:00\" \/>\n<meta property=\"og:image\" content=\"https:\/\/grupomartinturiel.es\/wp-content\/uploads\/2021\/04\/Liderazgo-y-Desarrollo-personal.jpg\" \/>\n\t<meta property=\"og:image:width\" content=\"1920\" \/>\n\t<meta property=\"og:image:height\" content=\"1280\" \/>\n\t<meta property=\"og:image:type\" content=\"image\/jpeg\" \/>\n<meta name=\"twitter:card\" content=\"summary_large_image\" \/>\n<meta name=\"twitter:site\" content=\"@gmartinturiel\" \/>\n<meta name=\"twitter:label1\" content=\"Tiempo de lectura\" \/>\n\t<meta name=\"twitter:data1\" content=\"1 minuto\" \/>\n<script type=\"application\/ld+json\" class=\"yoast-schema-graph\">{\"@context\":\"https:\\\/\\\/schema.org\",\"@graph\":[{\"@type\":\"WebPage\",\"@id\":\"https:\\\/\\\/grupomartinturiel.es\\\/curso\\\/comunicacion-eficaz-en-la-empresa\\\/\",\"url\":\"https:\\\/\\\/grupomartinturiel.es\\\/curso\\\/comunicacion-eficaz-en-la-empresa\\\/\",\"name\":\"Comunicaci\u00f3n eficaz en la empresa - Grupo Martin Turiel\",\"isPartOf\":{\"@id\":\"https:\\\/\\\/grupomartinturiel.es\\\/#website\"},\"primaryImageOfPage\":{\"@id\":\"https:\\\/\\\/grupomartinturiel.es\\\/curso\\\/comunicacion-eficaz-en-la-empresa\\\/#primaryimage\"},\"image\":{\"@id\":\"https:\\\/\\\/grupomartinturiel.es\\\/curso\\\/comunicacion-eficaz-en-la-empresa\\\/#primaryimage\"},\"thumbnailUrl\":\"https:\\\/\\\/grupomartinturiel.es\\\/wp-content\\\/uploads\\\/2021\\\/04\\\/Liderazgo-y-Desarrollo-personal.jpg\",\"datePublished\":\"2021-04-23T08:06:46+00:00\",\"dateModified\":\"2021-05-21T10:48:20+00:00\",\"breadcrumb\":{\"@id\":\"https:\\\/\\\/grupomartinturiel.es\\\/curso\\\/comunicacion-eficaz-en-la-empresa\\\/#breadcrumb\"},\"inLanguage\":\"es\",\"potentialAction\":[{\"@type\":\"ReadAction\",\"target\":[\"https:\\\/\\\/grupomartinturiel.es\\\/curso\\\/comunicacion-eficaz-en-la-empresa\\\/\"]}]},{\"@type\":\"ImageObject\",\"inLanguage\":\"es\",\"@id\":\"https:\\\/\\\/grupomartinturiel.es\\\/curso\\\/comunicacion-eficaz-en-la-empresa\\\/#primaryimage\",\"url\":\"https:\\\/\\\/grupomartinturiel.es\\\/wp-content\\\/uploads\\\/2021\\\/04\\\/Liderazgo-y-Desarrollo-personal.jpg\",\"contentUrl\":\"https:\\\/\\\/grupomartinturiel.es\\\/wp-content\\\/uploads\\\/2021\\\/04\\\/Liderazgo-y-Desarrollo-personal.jpg\",\"width\":1920,\"height\":1280},{\"@type\":\"BreadcrumbList\",\"@id\":\"https:\\\/\\\/grupomartinturiel.es\\\/curso\\\/comunicacion-eficaz-en-la-empresa\\\/#breadcrumb\",\"itemListElement\":[{\"@type\":\"ListItem\",\"position\":1,\"name\":\"Portada\",\"item\":\"https:\\\/\\\/grupomartinturiel.es\\\/\"},{\"@type\":\"ListItem\",\"position\":2,\"name\":\"Cursos online bonificados\",\"item\":\"https:\\\/\\\/grupomartinturiel.es\\\/?page_id=1495\"},{\"@type\":\"ListItem\",\"position\":3,\"name\":\"Comunicaci\u00f3n eficaz en la empresa\"}]},{\"@type\":\"WebSite\",\"@id\":\"https:\\\/\\\/grupomartinturiel.es\\\/#website\",\"url\":\"https:\\\/\\\/grupomartinturiel.es\\\/\",\"name\":\"Grupo Martin Turiel\",\"description\":\"\",\"publisher\":{\"@id\":\"https:\\\/\\\/grupomartinturiel.es\\\/#organization\"},\"potentialAction\":[{\"@type\":\"SearchAction\",\"target\":{\"@type\":\"EntryPoint\",\"urlTemplate\":\"https:\\\/\\\/grupomartinturiel.es\\\/?s={search_term_string}\"},\"query-input\":{\"@type\":\"PropertyValueSpecification\",\"valueRequired\":true,\"valueName\":\"search_term_string\"}}],\"inLanguage\":\"es\"},{\"@type\":\"Organization\",\"@id\":\"https:\\\/\\\/grupomartinturiel.es\\\/#organization\",\"name\":\"Grupo Martin Turiel, S.L.\",\"url\":\"https:\\\/\\\/grupomartinturiel.es\\\/\",\"logo\":{\"@type\":\"ImageObject\",\"inLanguage\":\"es\",\"@id\":\"https:\\\/\\\/grupomartinturiel.es\\\/#\\\/schema\\\/logo\\\/image\\\/\",\"url\":\"https:\\\/\\\/grupomartinturiel.es\\\/wp-content\\\/uploads\\\/2021\\\/03\\\/cropped-Logo-web-2.png\",\"contentUrl\":\"https:\\\/\\\/grupomartinturiel.es\\\/wp-content\\\/uploads\\\/2021\\\/03\\\/cropped-Logo-web-2.png\",\"width\":200,\"height\":94,\"caption\":\"Grupo Martin Turiel, S.L.\"},\"image\":{\"@id\":\"https:\\\/\\\/grupomartinturiel.es\\\/#\\\/schema\\\/logo\\\/image\\\/\"},\"sameAs\":[\"https:\\\/\\\/www.facebook.com\\\/grupomartinturiel\\\/\",\"https:\\\/\\\/x.com\\\/gmartinturiel\",\"https:\\\/\\\/www.instagram.com\\\/Grupomartinturiel\\\/\",\"https:\\\/\\\/www.linkedin.com\\\/company\\\/grupo-martin-turiel\"]}]}<\/script>\n<!-- \/ Yoast SEO plugin. -->","yoast_head_json":{"title":"Comunicaci\u00f3n eficaz en la empresa - Grupo Martin Turiel","robots":{"index":"index","follow":"follow","max-snippet":"max-snippet:-1","max-image-preview":"max-image-preview:large","max-video-preview":"max-video-preview:-1"},"canonical":"https:\/\/grupomartinturiel.es\/curso\/comunicacion-eficaz-en-la-empresa\/","og_locale":"es_ES","og_type":"article","og_title":"Comunicaci\u00f3n eficaz en la empresa - Grupo Martin Turiel","og_description":"OBJETIVOS CURSO BONIFICADO ONLINE COMUNICACION EFICAZ EN LA EMPRESA Conocer en qu\u00e9 consiste la comunicaci\u00f3n eficaz, desde sus or\u00edgenes, el proceso que conlleva las relaciones humanas, y cu\u00e1les son los factores que intervienen en las mismas. Aprender a escuchar activamente, reconociendo los estados de \u00e1nimo propios y ajenos y logrando controlando los sentimientos y emociones &hellip; Comunicaci\u00f3n eficaz en la empresa Leer m\u00e1s &raquo;","og_url":"https:\/\/grupomartinturiel.es\/curso\/comunicacion-eficaz-en-la-empresa\/","og_site_name":"Grupo Martin Turiel","article_publisher":"https:\/\/www.facebook.com\/grupomartinturiel\/","article_modified_time":"2021-05-21T10:48:20+00:00","og_image":[{"width":1920,"height":1280,"url":"https:\/\/grupomartinturiel.es\/wp-content\/uploads\/2021\/04\/Liderazgo-y-Desarrollo-personal.jpg","type":"image\/jpeg"}],"twitter_card":"summary_large_image","twitter_site":"@gmartinturiel","twitter_misc":{"Tiempo de lectura":"1 minuto"},"schema":{"@context":"https:\/\/schema.org","@graph":[{"@type":"WebPage","@id":"https:\/\/grupomartinturiel.es\/curso\/comunicacion-eficaz-en-la-empresa\/","url":"https:\/\/grupomartinturiel.es\/curso\/comunicacion-eficaz-en-la-empresa\/","name":"Comunicaci\u00f3n eficaz en la empresa - Grupo Martin Turiel","isPartOf":{"@id":"https:\/\/grupomartinturiel.es\/#website"},"primaryImageOfPage":{"@id":"https:\/\/grupomartinturiel.es\/curso\/comunicacion-eficaz-en-la-empresa\/#primaryimage"},"image":{"@id":"https:\/\/grupomartinturiel.es\/curso\/comunicacion-eficaz-en-la-empresa\/#primaryimage"},"thumbnailUrl":"https:\/\/grupomartinturiel.es\/wp-content\/uploads\/2021\/04\/Liderazgo-y-Desarrollo-personal.jpg","datePublished":"2021-04-23T08:06:46+00:00","dateModified":"2021-05-21T10:48:20+00:00","breadcrumb":{"@id":"https:\/\/grupomartinturiel.es\/curso\/comunicacion-eficaz-en-la-empresa\/#breadcrumb"},"inLanguage":"es","potentialAction":[{"@type":"ReadAction","target":["https:\/\/grupomartinturiel.es\/curso\/comunicacion-eficaz-en-la-empresa\/"]}]},{"@type":"ImageObject","inLanguage":"es","@id":"https:\/\/grupomartinturiel.es\/curso\/comunicacion-eficaz-en-la-empresa\/#primaryimage","url":"https:\/\/grupomartinturiel.es\/wp-content\/uploads\/2021\/04\/Liderazgo-y-Desarrollo-personal.jpg","contentUrl":"https:\/\/grupomartinturiel.es\/wp-content\/uploads\/2021\/04\/Liderazgo-y-Desarrollo-personal.jpg","width":1920,"height":1280},{"@type":"BreadcrumbList","@id":"https:\/\/grupomartinturiel.es\/curso\/comunicacion-eficaz-en-la-empresa\/#breadcrumb","itemListElement":[{"@type":"ListItem","position":1,"name":"Portada","item":"https:\/\/grupomartinturiel.es\/"},{"@type":"ListItem","position":2,"name":"Cursos online bonificados","item":"https:\/\/grupomartinturiel.es\/?page_id=1495"},{"@type":"ListItem","position":3,"name":"Comunicaci\u00f3n eficaz en la empresa"}]},{"@type":"WebSite","@id":"https:\/\/grupomartinturiel.es\/#website","url":"https:\/\/grupomartinturiel.es\/","name":"Grupo Martin Turiel","description":"","publisher":{"@id":"https:\/\/grupomartinturiel.es\/#organization"},"potentialAction":[{"@type":"SearchAction","target":{"@type":"EntryPoint","urlTemplate":"https:\/\/grupomartinturiel.es\/?s={search_term_string}"},"query-input":{"@type":"PropertyValueSpecification","valueRequired":true,"valueName":"search_term_string"}}],"inLanguage":"es"},{"@type":"Organization","@id":"https:\/\/grupomartinturiel.es\/#organization","name":"Grupo Martin Turiel, S.L.","url":"https:\/\/grupomartinturiel.es\/","logo":{"@type":"ImageObject","inLanguage":"es","@id":"https:\/\/grupomartinturiel.es\/#\/schema\/logo\/image\/","url":"https:\/\/grupomartinturiel.es\/wp-content\/uploads\/2021\/03\/cropped-Logo-web-2.png","contentUrl":"https:\/\/grupomartinturiel.es\/wp-content\/uploads\/2021\/03\/cropped-Logo-web-2.png","width":200,"height":94,"caption":"Grupo Martin Turiel, S.L."},"image":{"@id":"https:\/\/grupomartinturiel.es\/#\/schema\/logo\/image\/"},"sameAs":["https:\/\/www.facebook.com\/grupomartinturiel\/","https:\/\/x.com\/gmartinturiel","https:\/\/www.instagram.com\/Grupomartinturiel\/","https:\/\/www.linkedin.com\/company\/grupo-martin-turiel"]}]}},"_links":{"self":[{"href":"https:\/\/grupomartinturiel.es\/index.php?rest_route=\/wp\/v2\/product\/351","targetHints":{"allow":["GET"]}}],"collection":[{"href":"https:\/\/grupomartinturiel.es\/index.php?rest_route=\/wp\/v2\/product"}],"about":[{"href":"https:\/\/grupomartinturiel.es\/index.php?rest_route=\/wp\/v2\/types\/product"}],"replies":[{"embeddable":true,"href":"https:\/\/grupomartinturiel.es\/index.php?rest_route=%2Fwp%2Fv2%2Fcomments&post=351"}],"wp:featuredmedia":[{"embeddable":true,"href":"https:\/\/grupomartinturiel.es\/index.php?rest_route=\/wp\/v2\/media\/580"}],"wp:attachment":[{"href":"https:\/\/grupomartinturiel.es\/index.php?rest_route=%2Fwp%2Fv2%2Fmedia&parent=351"}],"wp:term":[{"taxonomy":"product_brand","embeddable":true,"href":"https:\/\/grupomartinturiel.es\/index.php?rest_route=%2Fwp%2Fv2%2Fproduct_brand&post=351"},{"taxonomy":"product_cat","embeddable":true,"href":"https:\/\/grupomartinturiel.es\/index.php?rest_route=%2Fwp%2Fv2%2Fproduct_cat&post=351"},{"taxonomy":"product_tag","embeddable":true,"href":"https:\/\/grupomartinturiel.es\/index.php?rest_route=%2Fwp%2Fv2%2Fproduct_tag&post=351"}],"curies":[{"name":"wp","href":"https:\/\/api.w.org\/{rel}","templated":true}]}}