{"id":407,"date":"2021-04-23T08:06:54","date_gmt":"2021-04-23T08:06:54","guid":{"rendered":"https:\/\/grupomartinturiel.es\/producto\/prevencion-covid-19-reparto-a-domicilio\/"},"modified":"2021-05-21T10:48:30","modified_gmt":"2021-05-21T10:48:30","slug":"prevencion-covid-19-reparto-a-domicilio","status":"publish","type":"product","link":"https:\/\/grupomartinturiel.es\/?product=prevencion-covid-19-reparto-a-domicilio","title":{"rendered":"Prevenci\u00f3n COVID 19. Reparto a domicilio"},"content":{"rendered":"<h2>\u00cdNDICE PREVENCI\u00d3N COVID-19 REPARTO A DOMICILIO<\/h2>\n<ul>\n<li><span>El principal objetivo es informar sobre el nuevo coronavirus, la enfermedad COVID-19, c\u00f3mo se transmite y qu\u00e9 medidas preventivas se deben adoptar en el \u00e1mbito laboral.<\/span><\/li>\n<li><span>Se explican en qu\u00e9 consisten los protocolos COVID-19 para manipular alimentos y repartirlos a domicilio, las medidas b\u00e1sicas en cuanto a higiene personal y lavado de manos, las recomendaciones de la OMS y el uso correcto de mascarillas y guantes de protecci\u00f3n.<\/span><\/li>\n<li><span>Se informa c\u00f3mo realizar un protocolo de limpieza y desinfecci\u00f3n de zonas de contacto, tanto para el veh\u00edculo del transporte como para el casco, u otros elementos de reparto.<\/span><\/li>\n<li><span>Se dan indicaciones de c\u00f3mo actuar si un trabajador sospecha que est\u00e1 contagiado de COVID-19.<\/span><\/li>\n<li><span>Se informa de las infracciones y sanciones por incumplimiento de la normativa actual.<\/span><\/li>\n<\/ul>\n","protected":false},"excerpt":{"rendered":"<p>\u00cdNDICE PREVENCI\u00d3N COVID-19 REPARTO A DOMICILIO El principal objetivo es informar sobre el nuevo coronavirus, la enfermedad COVID-19, c\u00f3mo se transmite y qu\u00e9 medidas preventivas se deben adoptar en el \u00e1mbito laboral. Se explican en qu\u00e9 consisten los protocolos COVID-19 para manipular alimentos y repartirlos a domicilio, las medidas b\u00e1sicas en cuanto a higiene personal &hellip;<\/p>\n<p class=\"read-more\"> <a class=\"\" href=\"https:\/\/grupomartinturiel.es\/?product=prevencion-covid-19-reparto-a-domicilio\"> <span class=\"screen-reader-text\">Prevenci\u00f3n COVID 19. Reparto a domicilio<\/span> Leer m\u00e1s &raquo;<\/a><\/p>\n","protected":false},"featured_media":588,"comment_status":"closed","ping_status":"closed","template":"","meta":{"site-sidebar-layout":"default","site-content-layout":"default","ast-site-content-layout":"","site-content-style":"default","site-sidebar-style":"default","ast-global-header-display":"","ast-banner-title-visibility":"","ast-main-header-display":"","ast-hfb-above-header-display":"","ast-hfb-below-header-display":"","ast-hfb-mobile-header-display":"","site-post-title":"","ast-breadcrumbs-content":"","ast-featured-img":"","footer-sml-layout":"","theme-transparent-header-meta":"default","adv-header-id-meta":"","stick-header-meta":"","header-above-stick-meta":"","header-main-stick-meta":"","header-below-stick-meta":"","astra-migrate-meta-layouts":"","ast-page-background-enabled":"default","ast-page-background-meta":{"desktop":{"background-color":"","background-image":"","background-repeat":"repeat","background-position":"center center","background-size":"auto","background-attachment":"scroll","background-type":"","background-media":"","overlay-type":"","overlay-color":"","overlay-gradient":""},"tablet":{"background-color":"","background-image":"","background-repeat":"repeat","background-position":"center center","background-size":"auto","background-attachment":"scroll","background-type":"","background-media":"","overlay-type":"","overlay-color":"","overlay-gradient":""},"mobile":{"background-color":"","background-image":"","background-repeat":"repeat","background-position":"center center","background-size":"auto","background-attachment":"scroll","background-type":"","background-media":"","overlay-type":"","overlay-color":"","overlay-gradient":""}},"ast-content-background-meta":{"desktop":{"background-color":"var(--ast-global-color-5)","background-image":"","background-repeat":"repeat","background-position":"center center","background-size":"auto","background-attachment":"scroll","background-type":"","background-media":"","overlay-type":"","overlay-color":"","overlay-gradient":""},"tablet":{"background-color":"var(--ast-global-color-5)","background-image":"","background-repeat":"repeat","background-position":"center center","background-size":"auto","background-attachment":"scroll","background-type":"","background-media":"","overlay-type":"","overlay-color":"","overlay-gradient":""},"mobile":{"background-color":"var(--ast-global-color-5)","background-image":"","background-repeat":"repeat","background-position":"center center","background-size":"auto","background-attachment":"scroll","background-type":"","background-media":"","overlay-type":"","overlay-color":"","overlay-gradient":""}}},"product_brand":[],"product_cat":[43],"product_tag":[],"class_list":{"0":"post-407","1":"product","2":"type-product","3":"status-publish","4":"has-post-thumbnail","6":"product_cat-seguridad-y-prevencion","7":"desktop-align-left","8":"tablet-align-left","9":"mobile-align-left","11":"first","12":"instock","13":"shipping-taxable","14":"product-type-simple"},"yoast_head":"<!-- This site is optimized with the Yoast SEO plugin v27.3 - https:\/\/yoast.com\/product\/yoast-seo-wordpress\/ -->\n<title>Prevenci\u00f3n COVID 19. Reparto a domicilio - Grupo Martin Turiel<\/title>\n<meta name=\"robots\" content=\"index, follow, max-snippet:-1, max-image-preview:large, max-video-preview:-1\" \/>\n<link rel=\"canonical\" href=\"https:\/\/grupomartinturiel.es\/curso\/prevencion-covid-19-reparto-a-domicilio\/\" \/>\n<meta property=\"og:locale\" content=\"es_ES\" \/>\n<meta property=\"og:type\" content=\"article\" \/>\n<meta property=\"og:title\" content=\"Prevenci\u00f3n COVID 19. Reparto a domicilio - Grupo Martin Turiel\" \/>\n<meta property=\"og:description\" content=\"\u00cdNDICE PREVENCI\u00d3N COVID-19 REPARTO A DOMICILIO El principal objetivo es informar sobre el nuevo coronavirus, la enfermedad COVID-19, c\u00f3mo se transmite y qu\u00e9 medidas preventivas se deben adoptar en el \u00e1mbito laboral. Se explican en qu\u00e9 consisten los protocolos COVID-19 para manipular alimentos y repartirlos a domicilio, las medidas b\u00e1sicas en cuanto a higiene personal &hellip; Prevenci\u00f3n COVID 19. Reparto a domicilio Leer m\u00e1s &raquo;\" \/>\n<meta property=\"og:url\" content=\"https:\/\/grupomartinturiel.es\/curso\/prevencion-covid-19-reparto-a-domicilio\/\" \/>\n<meta property=\"og:site_name\" content=\"Grupo Martin Turiel\" \/>\n<meta property=\"article:publisher\" content=\"https:\/\/www.facebook.com\/grupomartinturiel\/\" \/>\n<meta property=\"article:modified_time\" content=\"2021-05-21T10:48:30+00:00\" \/>\n<meta property=\"og:image\" content=\"https:\/\/grupomartinturiel.es\/wp-content\/uploads\/2021\/04\/Seguridad-y-Prevencion-e1619283193402.jpg\" \/>\n\t<meta property=\"og:image:width\" content=\"1584\" \/>\n\t<meta property=\"og:image:height\" content=\"1070\" \/>\n\t<meta property=\"og:image:type\" content=\"image\/jpeg\" \/>\n<meta name=\"twitter:card\" content=\"summary_large_image\" \/>\n<meta name=\"twitter:site\" content=\"@gmartinturiel\" \/>\n<meta name=\"twitter:label1\" content=\"Tiempo de lectura\" \/>\n\t<meta name=\"twitter:data1\" content=\"1 minuto\" \/>\n<script type=\"application\/ld+json\" class=\"yoast-schema-graph\">{\"@context\":\"https:\\\/\\\/schema.org\",\"@graph\":[{\"@type\":\"WebPage\",\"@id\":\"https:\\\/\\\/grupomartinturiel.es\\\/curso\\\/prevencion-covid-19-reparto-a-domicilio\\\/\",\"url\":\"https:\\\/\\\/grupomartinturiel.es\\\/curso\\\/prevencion-covid-19-reparto-a-domicilio\\\/\",\"name\":\"Prevenci\u00f3n COVID 19. Reparto a domicilio - Grupo Martin Turiel\",\"isPartOf\":{\"@id\":\"https:\\\/\\\/grupomartinturiel.es\\\/#website\"},\"primaryImageOfPage\":{\"@id\":\"https:\\\/\\\/grupomartinturiel.es\\\/curso\\\/prevencion-covid-19-reparto-a-domicilio\\\/#primaryimage\"},\"image\":{\"@id\":\"https:\\\/\\\/grupomartinturiel.es\\\/curso\\\/prevencion-covid-19-reparto-a-domicilio\\\/#primaryimage\"},\"thumbnailUrl\":\"https:\\\/\\\/grupomartinturiel.es\\\/wp-content\\\/uploads\\\/2021\\\/04\\\/Seguridad-y-Prevencion-e1619283193402.jpg\",\"datePublished\":\"2021-04-23T08:06:54+00:00\",\"dateModified\":\"2021-05-21T10:48:30+00:00\",\"breadcrumb\":{\"@id\":\"https:\\\/\\\/grupomartinturiel.es\\\/curso\\\/prevencion-covid-19-reparto-a-domicilio\\\/#breadcrumb\"},\"inLanguage\":\"es\",\"potentialAction\":[{\"@type\":\"ReadAction\",\"target\":[\"https:\\\/\\\/grupomartinturiel.es\\\/curso\\\/prevencion-covid-19-reparto-a-domicilio\\\/\"]}]},{\"@type\":\"ImageObject\",\"inLanguage\":\"es\",\"@id\":\"https:\\\/\\\/grupomartinturiel.es\\\/curso\\\/prevencion-covid-19-reparto-a-domicilio\\\/#primaryimage\",\"url\":\"https:\\\/\\\/grupomartinturiel.es\\\/wp-content\\\/uploads\\\/2021\\\/04\\\/Seguridad-y-Prevencion-e1619283193402.jpg\",\"contentUrl\":\"https:\\\/\\\/grupomartinturiel.es\\\/wp-content\\\/uploads\\\/2021\\\/04\\\/Seguridad-y-Prevencion-e1619283193402.jpg\",\"width\":1584,\"height\":1070},{\"@type\":\"BreadcrumbList\",\"@id\":\"https:\\\/\\\/grupomartinturiel.es\\\/curso\\\/prevencion-covid-19-reparto-a-domicilio\\\/#breadcrumb\",\"itemListElement\":[{\"@type\":\"ListItem\",\"position\":1,\"name\":\"Portada\",\"item\":\"https:\\\/\\\/grupomartinturiel.es\\\/\"},{\"@type\":\"ListItem\",\"position\":2,\"name\":\"Cursos online bonificados\",\"item\":\"https:\\\/\\\/grupomartinturiel.es\\\/?page_id=1495\"},{\"@type\":\"ListItem\",\"position\":3,\"name\":\"Prevenci\u00f3n COVID 19. Reparto a domicilio\"}]},{\"@type\":\"WebSite\",\"@id\":\"https:\\\/\\\/grupomartinturiel.es\\\/#website\",\"url\":\"https:\\\/\\\/grupomartinturiel.es\\\/\",\"name\":\"Grupo Martin Turiel\",\"description\":\"\",\"publisher\":{\"@id\":\"https:\\\/\\\/grupomartinturiel.es\\\/#organization\"},\"potentialAction\":[{\"@type\":\"SearchAction\",\"target\":{\"@type\":\"EntryPoint\",\"urlTemplate\":\"https:\\\/\\\/grupomartinturiel.es\\\/?s={search_term_string}\"},\"query-input\":{\"@type\":\"PropertyValueSpecification\",\"valueRequired\":true,\"valueName\":\"search_term_string\"}}],\"inLanguage\":\"es\"},{\"@type\":\"Organization\",\"@id\":\"https:\\\/\\\/grupomartinturiel.es\\\/#organization\",\"name\":\"Grupo Martin Turiel, S.L.\",\"url\":\"https:\\\/\\\/grupomartinturiel.es\\\/\",\"logo\":{\"@type\":\"ImageObject\",\"inLanguage\":\"es\",\"@id\":\"https:\\\/\\\/grupomartinturiel.es\\\/#\\\/schema\\\/logo\\\/image\\\/\",\"url\":\"https:\\\/\\\/grupomartinturiel.es\\\/wp-content\\\/uploads\\\/2021\\\/03\\\/cropped-Logo-web-2.png\",\"contentUrl\":\"https:\\\/\\\/grupomartinturiel.es\\\/wp-content\\\/uploads\\\/2021\\\/03\\\/cropped-Logo-web-2.png\",\"width\":200,\"height\":94,\"caption\":\"Grupo Martin Turiel, S.L.\"},\"image\":{\"@id\":\"https:\\\/\\\/grupomartinturiel.es\\\/#\\\/schema\\\/logo\\\/image\\\/\"},\"sameAs\":[\"https:\\\/\\\/www.facebook.com\\\/grupomartinturiel\\\/\",\"https:\\\/\\\/x.com\\\/gmartinturiel\",\"https:\\\/\\\/www.instagram.com\\\/Grupomartinturiel\\\/\",\"https:\\\/\\\/www.linkedin.com\\\/company\\\/grupo-martin-turiel\"]}]}<\/script>\n<!-- \/ Yoast SEO plugin. -->","yoast_head_json":{"title":"Prevenci\u00f3n COVID 19. Reparto a domicilio - Grupo Martin Turiel","robots":{"index":"index","follow":"follow","max-snippet":"max-snippet:-1","max-image-preview":"max-image-preview:large","max-video-preview":"max-video-preview:-1"},"canonical":"https:\/\/grupomartinturiel.es\/curso\/prevencion-covid-19-reparto-a-domicilio\/","og_locale":"es_ES","og_type":"article","og_title":"Prevenci\u00f3n COVID 19. Reparto a domicilio - Grupo Martin Turiel","og_description":"\u00cdNDICE PREVENCI\u00d3N COVID-19 REPARTO A DOMICILIO El principal objetivo es informar sobre el nuevo coronavirus, la enfermedad COVID-19, c\u00f3mo se transmite y qu\u00e9 medidas preventivas se deben adoptar en el \u00e1mbito laboral. Se explican en qu\u00e9 consisten los protocolos COVID-19 para manipular alimentos y repartirlos a domicilio, las medidas b\u00e1sicas en cuanto a higiene personal &hellip; Prevenci\u00f3n COVID 19. Reparto a domicilio Leer m\u00e1s &raquo;","og_url":"https:\/\/grupomartinturiel.es\/curso\/prevencion-covid-19-reparto-a-domicilio\/","og_site_name":"Grupo Martin Turiel","article_publisher":"https:\/\/www.facebook.com\/grupomartinturiel\/","article_modified_time":"2021-05-21T10:48:30+00:00","og_image":[{"width":1584,"height":1070,"url":"https:\/\/grupomartinturiel.es\/wp-content\/uploads\/2021\/04\/Seguridad-y-Prevencion-e1619283193402.jpg","type":"image\/jpeg"}],"twitter_card":"summary_large_image","twitter_site":"@gmartinturiel","twitter_misc":{"Tiempo de lectura":"1 minuto"},"schema":{"@context":"https:\/\/schema.org","@graph":[{"@type":"WebPage","@id":"https:\/\/grupomartinturiel.es\/curso\/prevencion-covid-19-reparto-a-domicilio\/","url":"https:\/\/grupomartinturiel.es\/curso\/prevencion-covid-19-reparto-a-domicilio\/","name":"Prevenci\u00f3n COVID 19. Reparto a domicilio - Grupo Martin Turiel","isPartOf":{"@id":"https:\/\/grupomartinturiel.es\/#website"},"primaryImageOfPage":{"@id":"https:\/\/grupomartinturiel.es\/curso\/prevencion-covid-19-reparto-a-domicilio\/#primaryimage"},"image":{"@id":"https:\/\/grupomartinturiel.es\/curso\/prevencion-covid-19-reparto-a-domicilio\/#primaryimage"},"thumbnailUrl":"https:\/\/grupomartinturiel.es\/wp-content\/uploads\/2021\/04\/Seguridad-y-Prevencion-e1619283193402.jpg","datePublished":"2021-04-23T08:06:54+00:00","dateModified":"2021-05-21T10:48:30+00:00","breadcrumb":{"@id":"https:\/\/grupomartinturiel.es\/curso\/prevencion-covid-19-reparto-a-domicilio\/#breadcrumb"},"inLanguage":"es","potentialAction":[{"@type":"ReadAction","target":["https:\/\/grupomartinturiel.es\/curso\/prevencion-covid-19-reparto-a-domicilio\/"]}]},{"@type":"ImageObject","inLanguage":"es","@id":"https:\/\/grupomartinturiel.es\/curso\/prevencion-covid-19-reparto-a-domicilio\/#primaryimage","url":"https:\/\/grupomartinturiel.es\/wp-content\/uploads\/2021\/04\/Seguridad-y-Prevencion-e1619283193402.jpg","contentUrl":"https:\/\/grupomartinturiel.es\/wp-content\/uploads\/2021\/04\/Seguridad-y-Prevencion-e1619283193402.jpg","width":1584,"height":1070},{"@type":"BreadcrumbList","@id":"https:\/\/grupomartinturiel.es\/curso\/prevencion-covid-19-reparto-a-domicilio\/#breadcrumb","itemListElement":[{"@type":"ListItem","position":1,"name":"Portada","item":"https:\/\/grupomartinturiel.es\/"},{"@type":"ListItem","position":2,"name":"Cursos online bonificados","item":"https:\/\/grupomartinturiel.es\/?page_id=1495"},{"@type":"ListItem","position":3,"name":"Prevenci\u00f3n COVID 19. Reparto a domicilio"}]},{"@type":"WebSite","@id":"https:\/\/grupomartinturiel.es\/#website","url":"https:\/\/grupomartinturiel.es\/","name":"Grupo Martin Turiel","description":"","publisher":{"@id":"https:\/\/grupomartinturiel.es\/#organization"},"potentialAction":[{"@type":"SearchAction","target":{"@type":"EntryPoint","urlTemplate":"https:\/\/grupomartinturiel.es\/?s={search_term_string}"},"query-input":{"@type":"PropertyValueSpecification","valueRequired":true,"valueName":"search_term_string"}}],"inLanguage":"es"},{"@type":"Organization","@id":"https:\/\/grupomartinturiel.es\/#organization","name":"Grupo Martin Turiel, S.L.","url":"https:\/\/grupomartinturiel.es\/","logo":{"@type":"ImageObject","inLanguage":"es","@id":"https:\/\/grupomartinturiel.es\/#\/schema\/logo\/image\/","url":"https:\/\/grupomartinturiel.es\/wp-content\/uploads\/2021\/03\/cropped-Logo-web-2.png","contentUrl":"https:\/\/grupomartinturiel.es\/wp-content\/uploads\/2021\/03\/cropped-Logo-web-2.png","width":200,"height":94,"caption":"Grupo Martin Turiel, S.L."},"image":{"@id":"https:\/\/grupomartinturiel.es\/#\/schema\/logo\/image\/"},"sameAs":["https:\/\/www.facebook.com\/grupomartinturiel\/","https:\/\/x.com\/gmartinturiel","https:\/\/www.instagram.com\/Grupomartinturiel\/","https:\/\/www.linkedin.com\/company\/grupo-martin-turiel"]}]}},"_links":{"self":[{"href":"https:\/\/grupomartinturiel.es\/index.php?rest_route=\/wp\/v2\/product\/407","targetHints":{"allow":["GET"]}}],"collection":[{"href":"https:\/\/grupomartinturiel.es\/index.php?rest_route=\/wp\/v2\/product"}],"about":[{"href":"https:\/\/grupomartinturiel.es\/index.php?rest_route=\/wp\/v2\/types\/product"}],"replies":[{"embeddable":true,"href":"https:\/\/grupomartinturiel.es\/index.php?rest_route=%2Fwp%2Fv2%2Fcomments&post=407"}],"wp:featuredmedia":[{"embeddable":true,"href":"https:\/\/grupomartinturiel.es\/index.php?rest_route=\/wp\/v2\/media\/588"}],"wp:attachment":[{"href":"https:\/\/grupomartinturiel.es\/index.php?rest_route=%2Fwp%2Fv2%2Fmedia&parent=407"}],"wp:term":[{"taxonomy":"product_brand","embeddable":true,"href":"https:\/\/grupomartinturiel.es\/index.php?rest_route=%2Fwp%2Fv2%2Fproduct_brand&post=407"},{"taxonomy":"product_cat","embeddable":true,"href":"https:\/\/grupomartinturiel.es\/index.php?rest_route=%2Fwp%2Fv2%2Fproduct_cat&post=407"},{"taxonomy":"product_tag","embeddable":true,"href":"https:\/\/grupomartinturiel.es\/index.php?rest_route=%2Fwp%2Fv2%2Fproduct_tag&post=407"}],"curies":[{"name":"wp","href":"https:\/\/api.w.org\/{rel}","templated":true}]}}