{"id":445,"date":"2021-04-23T08:07:00","date_gmt":"2021-04-23T08:07:00","guid":{"rendered":"https:\/\/grupomartinturiel.es\/producto\/prevencion-de-riesgos-laborales-en-soldadura-y-caldereria\/"},"modified":"2021-05-21T10:48:37","modified_gmt":"2021-05-21T10:48:37","slug":"prevencion-de-riesgos-laborales-en-soldadura-y-caldereria","status":"publish","type":"product","link":"https:\/\/grupomartinturiel.es\/?product=prevencion-de-riesgos-laborales-en-soldadura-y-caldereria","title":{"rendered":"Prevenci\u00f3n de riesgos laborales en soldadura y calderer\u00eda"},"content":{"rendered":"<h2>OBJETIVOS CURSO BONIFICADO ONLINE PREVENCI\u00d3N DE RIESGOS LABORALES EN SOLDADURA Y CALDERER\u00cdA<\/h2>\n<ul>\n<li><span>Con este curso adquirir\u00e1 los conocimientos necesarios y le dotar\u00e1 de una visi\u00f3n pr\u00e1ctica y real de la prevenci\u00f3n de riesgos laborales en la empresa, en el sector de la soldadura.<\/span><\/li>\n<li><span>A trav\u00e9s de la formaci\u00f3n espec\u00edfica el alumno adquirir\u00e1 los conocimientos necesarios para poder identificar los riesgos derivados del oficio de \u201cSoldador\u201d. As\u00ed el trabajador, completara su formaci\u00f3n en materia preventiva aplicada a las actividades del oficio en el entorno de trabajo y puede contribuir al control de los mencionados riesgos, as\u00ed como a evitar o minimizar los da\u00f1os que pudieran derivarse.<\/span><\/li>\n<\/ul>\n","protected":false},"excerpt":{"rendered":"<p>OBJETIVOS CURSO BONIFICADO ONLINE PREVENCI\u00d3N DE RIESGOS LABORALES EN SOLDADURA Y CALDERER\u00cdA Con este curso adquirir\u00e1 los conocimientos necesarios y le dotar\u00e1 de una visi\u00f3n pr\u00e1ctica y real de la prevenci\u00f3n de riesgos laborales en la empresa, en el sector de la soldadura. A trav\u00e9s de la formaci\u00f3n espec\u00edfica el alumno adquirir\u00e1 los conocimientos necesarios &hellip;<\/p>\n<p class=\"read-more\"> <a class=\"\" href=\"https:\/\/grupomartinturiel.es\/?product=prevencion-de-riesgos-laborales-en-soldadura-y-caldereria\"> <span class=\"screen-reader-text\">Prevenci\u00f3n de riesgos laborales en soldadura y calderer\u00eda<\/span> Leer m\u00e1s &raquo;<\/a><\/p>\n","protected":false},"featured_media":588,"comment_status":"closed","ping_status":"closed","template":"","meta":{"site-sidebar-layout":"default","site-content-layout":"default","ast-site-content-layout":"","site-content-style":"default","site-sidebar-style":"default","ast-global-header-display":"","ast-banner-title-visibility":"","ast-main-header-display":"","ast-hfb-above-header-display":"","ast-hfb-below-header-display":"","ast-hfb-mobile-header-display":"","site-post-title":"","ast-breadcrumbs-content":"","ast-featured-img":"","footer-sml-layout":"","theme-transparent-header-meta":"default","adv-header-id-meta":"","stick-header-meta":"","header-above-stick-meta":"","header-main-stick-meta":"","header-below-stick-meta":"","astra-migrate-meta-layouts":"","ast-page-background-enabled":"default","ast-page-background-meta":{"desktop":{"background-color":"","background-image":"","background-repeat":"repeat","background-position":"center center","background-size":"auto","background-attachment":"scroll","background-type":"","background-media":"","overlay-type":"","overlay-color":"","overlay-gradient":""},"tablet":{"background-color":"","background-image":"","background-repeat":"repeat","background-position":"center center","background-size":"auto","background-attachment":"scroll","background-type":"","background-media":"","overlay-type":"","overlay-color":"","overlay-gradient":""},"mobile":{"background-color":"","background-image":"","background-repeat":"repeat","background-position":"center center","background-size":"auto","background-attachment":"scroll","background-type":"","background-media":"","overlay-type":"","overlay-color":"","overlay-gradient":""}},"ast-content-background-meta":{"desktop":{"background-color":"var(--ast-global-color-5)","background-image":"","background-repeat":"repeat","background-position":"center center","background-size":"auto","background-attachment":"scroll","background-type":"","background-media":"","overlay-type":"","overlay-color":"","overlay-gradient":""},"tablet":{"background-color":"var(--ast-global-color-5)","background-image":"","background-repeat":"repeat","background-position":"center center","background-size":"auto","background-attachment":"scroll","background-type":"","background-media":"","overlay-type":"","overlay-color":"","overlay-gradient":""},"mobile":{"background-color":"var(--ast-global-color-5)","background-image":"","background-repeat":"repeat","background-position":"center center","background-size":"auto","background-attachment":"scroll","background-type":"","background-media":"","overlay-type":"","overlay-color":"","overlay-gradient":""}}},"product_brand":[],"product_cat":[43],"product_tag":[],"class_list":{"0":"post-445","1":"product","2":"type-product","3":"status-publish","4":"has-post-thumbnail","6":"product_cat-seguridad-y-prevencion","7":"desktop-align-left","8":"tablet-align-left","9":"mobile-align-left","11":"first","12":"instock","13":"shipping-taxable","14":"product-type-simple"},"yoast_head":"<!-- This site is optimized with the Yoast SEO plugin v27.5 - https:\/\/yoast.com\/product\/yoast-seo-wordpress\/ -->\n<title>Prevenci\u00f3n de riesgos laborales en soldadura y calderer\u00eda - Grupo Martin Turiel<\/title>\n<meta name=\"robots\" content=\"index, follow, max-snippet:-1, max-image-preview:large, max-video-preview:-1\" \/>\n<link rel=\"canonical\" href=\"https:\/\/grupomartinturiel.es\/curso\/prevencion-de-riesgos-laborales-en-soldadura-y-caldereria\/\" \/>\n<meta property=\"og:locale\" content=\"es_ES\" \/>\n<meta property=\"og:type\" content=\"article\" \/>\n<meta property=\"og:title\" content=\"Prevenci\u00f3n de riesgos laborales en soldadura y calderer\u00eda - Grupo Martin Turiel\" \/>\n<meta property=\"og:description\" content=\"OBJETIVOS CURSO BONIFICADO ONLINE PREVENCI\u00d3N DE RIESGOS LABORALES EN SOLDADURA Y CALDERER\u00cdA Con este curso adquirir\u00e1 los conocimientos necesarios y le dotar\u00e1 de una visi\u00f3n pr\u00e1ctica y real de la prevenci\u00f3n de riesgos laborales en la empresa, en el sector de la soldadura. A trav\u00e9s de la formaci\u00f3n espec\u00edfica el alumno adquirir\u00e1 los conocimientos necesarios &hellip; Prevenci\u00f3n de riesgos laborales en soldadura y calderer\u00eda Leer m\u00e1s &raquo;\" \/>\n<meta property=\"og:url\" content=\"https:\/\/grupomartinturiel.es\/curso\/prevencion-de-riesgos-laborales-en-soldadura-y-caldereria\/\" \/>\n<meta property=\"og:site_name\" content=\"Grupo Martin Turiel\" \/>\n<meta property=\"article:publisher\" content=\"https:\/\/www.facebook.com\/grupomartinturiel\/\" \/>\n<meta property=\"article:modified_time\" content=\"2021-05-21T10:48:37+00:00\" \/>\n<meta property=\"og:image\" content=\"https:\/\/grupomartinturiel.es\/wp-content\/uploads\/2021\/04\/Seguridad-y-Prevencion-e1619283193402.jpg\" \/>\n\t<meta property=\"og:image:width\" content=\"1584\" \/>\n\t<meta property=\"og:image:height\" content=\"1070\" \/>\n\t<meta property=\"og:image:type\" content=\"image\/jpeg\" \/>\n<meta name=\"twitter:card\" content=\"summary_large_image\" \/>\n<meta name=\"twitter:site\" content=\"@gmartinturiel\" \/>\n<meta name=\"twitter:label1\" content=\"Tiempo de lectura\" \/>\n\t<meta name=\"twitter:data1\" content=\"1 minuto\" \/>\n<script type=\"application\/ld+json\" class=\"yoast-schema-graph\">{\"@context\":\"https:\\\/\\\/schema.org\",\"@graph\":[{\"@type\":\"WebPage\",\"@id\":\"https:\\\/\\\/grupomartinturiel.es\\\/curso\\\/prevencion-de-riesgos-laborales-en-soldadura-y-caldereria\\\/\",\"url\":\"https:\\\/\\\/grupomartinturiel.es\\\/curso\\\/prevencion-de-riesgos-laborales-en-soldadura-y-caldereria\\\/\",\"name\":\"Prevenci\u00f3n de riesgos laborales en soldadura y calderer\u00eda - Grupo Martin Turiel\",\"isPartOf\":{\"@id\":\"https:\\\/\\\/grupomartinturiel.es\\\/#website\"},\"primaryImageOfPage\":{\"@id\":\"https:\\\/\\\/grupomartinturiel.es\\\/curso\\\/prevencion-de-riesgos-laborales-en-soldadura-y-caldereria\\\/#primaryimage\"},\"image\":{\"@id\":\"https:\\\/\\\/grupomartinturiel.es\\\/curso\\\/prevencion-de-riesgos-laborales-en-soldadura-y-caldereria\\\/#primaryimage\"},\"thumbnailUrl\":\"https:\\\/\\\/grupomartinturiel.es\\\/wp-content\\\/uploads\\\/2021\\\/04\\\/Seguridad-y-Prevencion-e1619283193402.jpg\",\"datePublished\":\"2021-04-23T08:07:00+00:00\",\"dateModified\":\"2021-05-21T10:48:37+00:00\",\"breadcrumb\":{\"@id\":\"https:\\\/\\\/grupomartinturiel.es\\\/curso\\\/prevencion-de-riesgos-laborales-en-soldadura-y-caldereria\\\/#breadcrumb\"},\"inLanguage\":\"es\",\"potentialAction\":[{\"@type\":\"ReadAction\",\"target\":[\"https:\\\/\\\/grupomartinturiel.es\\\/curso\\\/prevencion-de-riesgos-laborales-en-soldadura-y-caldereria\\\/\"]}]},{\"@type\":\"ImageObject\",\"inLanguage\":\"es\",\"@id\":\"https:\\\/\\\/grupomartinturiel.es\\\/curso\\\/prevencion-de-riesgos-laborales-en-soldadura-y-caldereria\\\/#primaryimage\",\"url\":\"https:\\\/\\\/grupomartinturiel.es\\\/wp-content\\\/uploads\\\/2021\\\/04\\\/Seguridad-y-Prevencion-e1619283193402.jpg\",\"contentUrl\":\"https:\\\/\\\/grupomartinturiel.es\\\/wp-content\\\/uploads\\\/2021\\\/04\\\/Seguridad-y-Prevencion-e1619283193402.jpg\",\"width\":1584,\"height\":1070},{\"@type\":\"BreadcrumbList\",\"@id\":\"https:\\\/\\\/grupomartinturiel.es\\\/curso\\\/prevencion-de-riesgos-laborales-en-soldadura-y-caldereria\\\/#breadcrumb\",\"itemListElement\":[{\"@type\":\"ListItem\",\"position\":1,\"name\":\"Portada\",\"item\":\"https:\\\/\\\/grupomartinturiel.es\\\/\"},{\"@type\":\"ListItem\",\"position\":2,\"name\":\"Cursos online bonificados\",\"item\":\"https:\\\/\\\/grupomartinturiel.es\\\/?page_id=1495\"},{\"@type\":\"ListItem\",\"position\":3,\"name\":\"Prevenci\u00f3n de riesgos laborales en soldadura y calderer\u00eda\"}]},{\"@type\":\"WebSite\",\"@id\":\"https:\\\/\\\/grupomartinturiel.es\\\/#website\",\"url\":\"https:\\\/\\\/grupomartinturiel.es\\\/\",\"name\":\"Grupo Martin Turiel\",\"description\":\"\",\"publisher\":{\"@id\":\"https:\\\/\\\/grupomartinturiel.es\\\/#organization\"},\"potentialAction\":[{\"@type\":\"SearchAction\",\"target\":{\"@type\":\"EntryPoint\",\"urlTemplate\":\"https:\\\/\\\/grupomartinturiel.es\\\/?s={search_term_string}\"},\"query-input\":{\"@type\":\"PropertyValueSpecification\",\"valueRequired\":true,\"valueName\":\"search_term_string\"}}],\"inLanguage\":\"es\"},{\"@type\":\"Organization\",\"@id\":\"https:\\\/\\\/grupomartinturiel.es\\\/#organization\",\"name\":\"Grupo Martin Turiel, S.L.\",\"url\":\"https:\\\/\\\/grupomartinturiel.es\\\/\",\"logo\":{\"@type\":\"ImageObject\",\"inLanguage\":\"es\",\"@id\":\"https:\\\/\\\/grupomartinturiel.es\\\/#\\\/schema\\\/logo\\\/image\\\/\",\"url\":\"https:\\\/\\\/grupomartinturiel.es\\\/wp-content\\\/uploads\\\/2021\\\/03\\\/cropped-Logo-web-2.png\",\"contentUrl\":\"https:\\\/\\\/grupomartinturiel.es\\\/wp-content\\\/uploads\\\/2021\\\/03\\\/cropped-Logo-web-2.png\",\"width\":200,\"height\":94,\"caption\":\"Grupo Martin Turiel, S.L.\"},\"image\":{\"@id\":\"https:\\\/\\\/grupomartinturiel.es\\\/#\\\/schema\\\/logo\\\/image\\\/\"},\"sameAs\":[\"https:\\\/\\\/www.facebook.com\\\/grupomartinturiel\\\/\",\"https:\\\/\\\/x.com\\\/gmartinturiel\",\"https:\\\/\\\/www.instagram.com\\\/Grupomartinturiel\\\/\",\"https:\\\/\\\/www.linkedin.com\\\/company\\\/grupo-martin-turiel\"]}]}<\/script>\n<!-- \/ Yoast SEO plugin. -->","yoast_head_json":{"title":"Prevenci\u00f3n de riesgos laborales en soldadura y calderer\u00eda - Grupo Martin Turiel","robots":{"index":"index","follow":"follow","max-snippet":"max-snippet:-1","max-image-preview":"max-image-preview:large","max-video-preview":"max-video-preview:-1"},"canonical":"https:\/\/grupomartinturiel.es\/curso\/prevencion-de-riesgos-laborales-en-soldadura-y-caldereria\/","og_locale":"es_ES","og_type":"article","og_title":"Prevenci\u00f3n de riesgos laborales en soldadura y calderer\u00eda - Grupo Martin Turiel","og_description":"OBJETIVOS CURSO BONIFICADO ONLINE PREVENCI\u00d3N DE RIESGOS LABORALES EN SOLDADURA Y CALDERER\u00cdA Con este curso adquirir\u00e1 los conocimientos necesarios y le dotar\u00e1 de una visi\u00f3n pr\u00e1ctica y real de la prevenci\u00f3n de riesgos laborales en la empresa, en el sector de la soldadura. A trav\u00e9s de la formaci\u00f3n espec\u00edfica el alumno adquirir\u00e1 los conocimientos necesarios &hellip; Prevenci\u00f3n de riesgos laborales en soldadura y calderer\u00eda Leer m\u00e1s &raquo;","og_url":"https:\/\/grupomartinturiel.es\/curso\/prevencion-de-riesgos-laborales-en-soldadura-y-caldereria\/","og_site_name":"Grupo Martin Turiel","article_publisher":"https:\/\/www.facebook.com\/grupomartinturiel\/","article_modified_time":"2021-05-21T10:48:37+00:00","og_image":[{"width":1584,"height":1070,"url":"https:\/\/grupomartinturiel.es\/wp-content\/uploads\/2021\/04\/Seguridad-y-Prevencion-e1619283193402.jpg","type":"image\/jpeg"}],"twitter_card":"summary_large_image","twitter_site":"@gmartinturiel","twitter_misc":{"Tiempo de lectura":"1 minuto"},"schema":{"@context":"https:\/\/schema.org","@graph":[{"@type":"WebPage","@id":"https:\/\/grupomartinturiel.es\/curso\/prevencion-de-riesgos-laborales-en-soldadura-y-caldereria\/","url":"https:\/\/grupomartinturiel.es\/curso\/prevencion-de-riesgos-laborales-en-soldadura-y-caldereria\/","name":"Prevenci\u00f3n de riesgos laborales en soldadura y calderer\u00eda - Grupo Martin Turiel","isPartOf":{"@id":"https:\/\/grupomartinturiel.es\/#website"},"primaryImageOfPage":{"@id":"https:\/\/grupomartinturiel.es\/curso\/prevencion-de-riesgos-laborales-en-soldadura-y-caldereria\/#primaryimage"},"image":{"@id":"https:\/\/grupomartinturiel.es\/curso\/prevencion-de-riesgos-laborales-en-soldadura-y-caldereria\/#primaryimage"},"thumbnailUrl":"https:\/\/grupomartinturiel.es\/wp-content\/uploads\/2021\/04\/Seguridad-y-Prevencion-e1619283193402.jpg","datePublished":"2021-04-23T08:07:00+00:00","dateModified":"2021-05-21T10:48:37+00:00","breadcrumb":{"@id":"https:\/\/grupomartinturiel.es\/curso\/prevencion-de-riesgos-laborales-en-soldadura-y-caldereria\/#breadcrumb"},"inLanguage":"es","potentialAction":[{"@type":"ReadAction","target":["https:\/\/grupomartinturiel.es\/curso\/prevencion-de-riesgos-laborales-en-soldadura-y-caldereria\/"]}]},{"@type":"ImageObject","inLanguage":"es","@id":"https:\/\/grupomartinturiel.es\/curso\/prevencion-de-riesgos-laborales-en-soldadura-y-caldereria\/#primaryimage","url":"https:\/\/grupomartinturiel.es\/wp-content\/uploads\/2021\/04\/Seguridad-y-Prevencion-e1619283193402.jpg","contentUrl":"https:\/\/grupomartinturiel.es\/wp-content\/uploads\/2021\/04\/Seguridad-y-Prevencion-e1619283193402.jpg","width":1584,"height":1070},{"@type":"BreadcrumbList","@id":"https:\/\/grupomartinturiel.es\/curso\/prevencion-de-riesgos-laborales-en-soldadura-y-caldereria\/#breadcrumb","itemListElement":[{"@type":"ListItem","position":1,"name":"Portada","item":"https:\/\/grupomartinturiel.es\/"},{"@type":"ListItem","position":2,"name":"Cursos online bonificados","item":"https:\/\/grupomartinturiel.es\/?page_id=1495"},{"@type":"ListItem","position":3,"name":"Prevenci\u00f3n de riesgos laborales en soldadura y calderer\u00eda"}]},{"@type":"WebSite","@id":"https:\/\/grupomartinturiel.es\/#website","url":"https:\/\/grupomartinturiel.es\/","name":"Grupo Martin Turiel","description":"","publisher":{"@id":"https:\/\/grupomartinturiel.es\/#organization"},"potentialAction":[{"@type":"SearchAction","target":{"@type":"EntryPoint","urlTemplate":"https:\/\/grupomartinturiel.es\/?s={search_term_string}"},"query-input":{"@type":"PropertyValueSpecification","valueRequired":true,"valueName":"search_term_string"}}],"inLanguage":"es"},{"@type":"Organization","@id":"https:\/\/grupomartinturiel.es\/#organization","name":"Grupo Martin Turiel, S.L.","url":"https:\/\/grupomartinturiel.es\/","logo":{"@type":"ImageObject","inLanguage":"es","@id":"https:\/\/grupomartinturiel.es\/#\/schema\/logo\/image\/","url":"https:\/\/grupomartinturiel.es\/wp-content\/uploads\/2021\/03\/cropped-Logo-web-2.png","contentUrl":"https:\/\/grupomartinturiel.es\/wp-content\/uploads\/2021\/03\/cropped-Logo-web-2.png","width":200,"height":94,"caption":"Grupo Martin Turiel, S.L."},"image":{"@id":"https:\/\/grupomartinturiel.es\/#\/schema\/logo\/image\/"},"sameAs":["https:\/\/www.facebook.com\/grupomartinturiel\/","https:\/\/x.com\/gmartinturiel","https:\/\/www.instagram.com\/Grupomartinturiel\/","https:\/\/www.linkedin.com\/company\/grupo-martin-turiel"]}]}},"_links":{"self":[{"href":"https:\/\/grupomartinturiel.es\/index.php?rest_route=\/wp\/v2\/product\/445","targetHints":{"allow":["GET"]}}],"collection":[{"href":"https:\/\/grupomartinturiel.es\/index.php?rest_route=\/wp\/v2\/product"}],"about":[{"href":"https:\/\/grupomartinturiel.es\/index.php?rest_route=\/wp\/v2\/types\/product"}],"replies":[{"embeddable":true,"href":"https:\/\/grupomartinturiel.es\/index.php?rest_route=%2Fwp%2Fv2%2Fcomments&post=445"}],"wp:featuredmedia":[{"embeddable":true,"href":"https:\/\/grupomartinturiel.es\/index.php?rest_route=\/wp\/v2\/media\/588"}],"wp:attachment":[{"href":"https:\/\/grupomartinturiel.es\/index.php?rest_route=%2Fwp%2Fv2%2Fmedia&parent=445"}],"wp:term":[{"taxonomy":"product_brand","embeddable":true,"href":"https:\/\/grupomartinturiel.es\/index.php?rest_route=%2Fwp%2Fv2%2Fproduct_brand&post=445"},{"taxonomy":"product_cat","embeddable":true,"href":"https:\/\/grupomartinturiel.es\/index.php?rest_route=%2Fwp%2Fv2%2Fproduct_cat&post=445"},{"taxonomy":"product_tag","embeddable":true,"href":"https:\/\/grupomartinturiel.es\/index.php?rest_route=%2Fwp%2Fv2%2Fproduct_tag&post=445"}],"curies":[{"name":"wp","href":"https:\/\/api.w.org\/{rel}","templated":true}]}}