{"id":7584,"date":"2023-03-14T14:06:58","date_gmt":"2023-03-14T14:06:58","guid":{"rendered":"https:\/\/grupomartinturiel.es\/?product=gestion-contable-y-reforma-pgc-2021"},"modified":"2023-03-14T14:09:05","modified_gmt":"2023-03-14T14:09:05","slug":"gestion-contable-y-reforma-pgc-2021","status":"publish","type":"product","link":"https:\/\/grupomartinturiel.es\/?product=gestion-contable-y-reforma-pgc-2021","title":{"rendered":"Gesti\u00f3n contable y reforma PGC 2021\u00a0"},"content":{"rendered":"<h2>INDICE GESTI\u00d3N CONTABLE Y REFORMA PGC 2021<\/h2>\n<ul>\n<li>Introducir al alumno en las bases de la contabilidad, que conozca qu\u00e9 son los principios contables, la partida doble, el Plan General de Contabilidad y c\u00f3mo se clasifican las cuentas.<\/li>\n<li>Conocer en qu\u00e9 consisten las novedades que introduce la reforma del Plan General de Contabilidad 2021 y c\u00f3mo afectan los cambios a la contabilidad de PYMES y empresas.<\/li>\n<li>Dominio del Balance de situaci\u00f3n y la Cuenta de resultados.<\/li>\n<li>Saber c\u00f3mo se organiza y se prepara el trabajo contable, cu\u00e1les son las principales operaciones.<\/li>\n<li>Conocer cu\u00e1les son las referencias anal\u00edtico-contables, los componentes de tesorer\u00eda, su seguimiento y estrategias.<\/li>\n<li>Dominar el sistema fiscal espa\u00f1ol y los tipos de impuestos, conociendo las principales novedades de 2023.<\/li>\n<\/ul>\n","protected":false},"excerpt":{"rendered":"<p>INDICE GESTI\u00d3N CONTABLE Y REFORMA PGC 2021 Introducir al alumno en las bases de la contabilidad, que conozca qu\u00e9 son los principios contables, la partida doble, el Plan General de Contabilidad y c\u00f3mo se clasifican las cuentas. Conocer en qu\u00e9 consisten las novedades que introduce la reforma del Plan General de Contabilidad 2021 y c\u00f3mo &hellip;<\/p>\n<p class=\"read-more\"> <a class=\"\" href=\"https:\/\/grupomartinturiel.es\/?product=gestion-contable-y-reforma-pgc-2021\"> <span class=\"screen-reader-text\">Gesti\u00f3n contable y reforma PGC 2021\u00a0<\/span> Leer m\u00e1s &raquo;<\/a><\/p>\n","protected":false},"featured_media":514,"comment_status":"closed","ping_status":"closed","template":"","meta":{"site-sidebar-layout":"default","site-content-layout":"default","ast-site-content-layout":"","site-content-style":"default","site-sidebar-style":"default","ast-global-header-display":"","ast-banner-title-visibility":"","ast-main-header-display":"","ast-hfb-above-header-display":"","ast-hfb-below-header-display":"","ast-hfb-mobile-header-display":"","site-post-title":"","ast-breadcrumbs-content":"","ast-featured-img":"","footer-sml-layout":"","theme-transparent-header-meta":"default","adv-header-id-meta":"","stick-header-meta":"","header-above-stick-meta":"","header-main-stick-meta":"","header-below-stick-meta":"","astra-migrate-meta-layouts":"","ast-page-background-enabled":"default","ast-page-background-meta":{"desktop":{"background-color":"","background-image":"","background-repeat":"repeat","background-position":"center center","background-size":"auto","background-attachment":"scroll","background-type":"","background-media":"","overlay-type":"","overlay-color":"","overlay-gradient":""},"tablet":{"background-color":"","background-image":"","background-repeat":"repeat","background-position":"center center","background-size":"auto","background-attachment":"scroll","background-type":"","background-media":"","overlay-type":"","overlay-color":"","overlay-gradient":""},"mobile":{"background-color":"","background-image":"","background-repeat":"repeat","background-position":"center center","background-size":"auto","background-attachment":"scroll","background-type":"","background-media":"","overlay-type":"","overlay-color":"","overlay-gradient":""}},"ast-content-background-meta":{"desktop":{"background-color":"var(--ast-global-color-5)","background-image":"","background-repeat":"repeat","background-position":"center center","background-size":"auto","background-attachment":"scroll","background-type":"","background-media":"","overlay-type":"","overlay-color":"","overlay-gradient":""},"tablet":{"background-color":"var(--ast-global-color-5)","background-image":"","background-repeat":"repeat","background-position":"center center","background-size":"auto","background-attachment":"scroll","background-type":"","background-media":"","overlay-type":"","overlay-color":"","overlay-gradient":""},"mobile":{"background-color":"var(--ast-global-color-5)","background-image":"","background-repeat":"repeat","background-position":"center center","background-size":"auto","background-attachment":"scroll","background-type":"","background-media":"","overlay-type":"","overlay-color":"","overlay-gradient":""}}},"product_brand":[],"product_cat":[48,33],"product_tag":[],"class_list":{"0":"post-7584","1":"product","2":"type-product","3":"status-publish","4":"has-post-thumbnail","6":"product_cat-economia-y-finanzas","7":"product_cat-gestion-y-administracion","8":"desktop-align-left","9":"tablet-align-left","10":"mobile-align-left","12":"first","13":"instock","14":"shipping-taxable","15":"product-type-simple"},"yoast_head":"<!-- This site is optimized with the Yoast SEO plugin v27.3 - https:\/\/yoast.com\/product\/yoast-seo-wordpress\/ -->\n<title>Gesti\u00f3n contable y reforma PGC 2021\u00a0 - Grupo Martin Turiel<\/title>\n<meta name=\"robots\" content=\"index, follow, max-snippet:-1, max-image-preview:large, max-video-preview:-1\" \/>\n<link rel=\"canonical\" href=\"https:\/\/grupomartinturiel.es\/?product=gestion-contable-y-reforma-pgc-2021\" \/>\n<meta property=\"og:locale\" content=\"es_ES\" \/>\n<meta property=\"og:type\" content=\"article\" \/>\n<meta property=\"og:title\" content=\"Gesti\u00f3n contable y reforma PGC 2021\u00a0 - Grupo Martin Turiel\" \/>\n<meta property=\"og:description\" content=\"INDICE GESTI\u00d3N CONTABLE Y REFORMA PGC 2021 Introducir al alumno en las bases de la contabilidad, que conozca qu\u00e9 son los principios contables, la partida doble, el Plan General de Contabilidad y c\u00f3mo se clasifican las cuentas. Conocer en qu\u00e9 consisten las novedades que introduce la reforma del Plan General de Contabilidad 2021 y c\u00f3mo &hellip; Gesti\u00f3n contable y reforma PGC 2021\u00a0 Leer m\u00e1s &raquo;\" \/>\n<meta property=\"og:url\" content=\"https:\/\/grupomartinturiel.es\/?product=gestion-contable-y-reforma-pgc-2021\" \/>\n<meta property=\"og:site_name\" content=\"Grupo Martin Turiel\" \/>\n<meta property=\"article:publisher\" content=\"https:\/\/www.facebook.com\/grupomartinturiel\/\" \/>\n<meta property=\"article:modified_time\" content=\"2023-03-14T14:09:05+00:00\" \/>\n<meta property=\"og:image\" content=\"https:\/\/grupomartinturiel.es\/wp-content\/uploads\/2021\/04\/Economia-y-finanzas.jpg\" \/>\n\t<meta property=\"og:image:width\" content=\"1920\" \/>\n\t<meta property=\"og:image:height\" content=\"1297\" \/>\n\t<meta property=\"og:image:type\" content=\"image\/jpeg\" \/>\n<meta name=\"twitter:card\" content=\"summary_large_image\" \/>\n<meta name=\"twitter:site\" content=\"@gmartinturiel\" \/>\n<meta name=\"twitter:label1\" content=\"Tiempo de lectura\" \/>\n\t<meta name=\"twitter:data1\" content=\"1 minuto\" \/>\n<script type=\"application\/ld+json\" class=\"yoast-schema-graph\">{\"@context\":\"https:\\\/\\\/schema.org\",\"@graph\":[{\"@type\":\"WebPage\",\"@id\":\"https:\\\/\\\/grupomartinturiel.es\\\/?product=gestion-contable-y-reforma-pgc-2021\",\"url\":\"https:\\\/\\\/grupomartinturiel.es\\\/?product=gestion-contable-y-reforma-pgc-2021\",\"name\":\"Gesti\u00f3n contable y reforma PGC 2021\u00a0 - Grupo Martin Turiel\",\"isPartOf\":{\"@id\":\"https:\\\/\\\/grupomartinturiel.es\\\/#website\"},\"primaryImageOfPage\":{\"@id\":\"https:\\\/\\\/grupomartinturiel.es\\\/?product=gestion-contable-y-reforma-pgc-2021#primaryimage\"},\"image\":{\"@id\":\"https:\\\/\\\/grupomartinturiel.es\\\/?product=gestion-contable-y-reforma-pgc-2021#primaryimage\"},\"thumbnailUrl\":\"https:\\\/\\\/grupomartinturiel.es\\\/wp-content\\\/uploads\\\/2021\\\/04\\\/Economia-y-finanzas.jpg\",\"datePublished\":\"2023-03-14T14:06:58+00:00\",\"dateModified\":\"2023-03-14T14:09:05+00:00\",\"breadcrumb\":{\"@id\":\"https:\\\/\\\/grupomartinturiel.es\\\/?product=gestion-contable-y-reforma-pgc-2021#breadcrumb\"},\"inLanguage\":\"es\",\"potentialAction\":[{\"@type\":\"ReadAction\",\"target\":[\"https:\\\/\\\/grupomartinturiel.es\\\/?product=gestion-contable-y-reforma-pgc-2021\"]}]},{\"@type\":\"ImageObject\",\"inLanguage\":\"es\",\"@id\":\"https:\\\/\\\/grupomartinturiel.es\\\/?product=gestion-contable-y-reforma-pgc-2021#primaryimage\",\"url\":\"https:\\\/\\\/grupomartinturiel.es\\\/wp-content\\\/uploads\\\/2021\\\/04\\\/Economia-y-finanzas.jpg\",\"contentUrl\":\"https:\\\/\\\/grupomartinturiel.es\\\/wp-content\\\/uploads\\\/2021\\\/04\\\/Economia-y-finanzas.jpg\",\"width\":1920,\"height\":1297},{\"@type\":\"BreadcrumbList\",\"@id\":\"https:\\\/\\\/grupomartinturiel.es\\\/?product=gestion-contable-y-reforma-pgc-2021#breadcrumb\",\"itemListElement\":[{\"@type\":\"ListItem\",\"position\":1,\"name\":\"Portada\",\"item\":\"https:\\\/\\\/grupomartinturiel.es\\\/\"},{\"@type\":\"ListItem\",\"position\":2,\"name\":\"Cursos online bonificados\",\"item\":\"https:\\\/\\\/grupomartinturiel.es\\\/?page_id=1495\"},{\"@type\":\"ListItem\",\"position\":3,\"name\":\"Gesti\u00f3n contable y reforma PGC 2021\u00a0\"}]},{\"@type\":\"WebSite\",\"@id\":\"https:\\\/\\\/grupomartinturiel.es\\\/#website\",\"url\":\"https:\\\/\\\/grupomartinturiel.es\\\/\",\"name\":\"Grupo Martin Turiel\",\"description\":\"\",\"publisher\":{\"@id\":\"https:\\\/\\\/grupomartinturiel.es\\\/#organization\"},\"potentialAction\":[{\"@type\":\"SearchAction\",\"target\":{\"@type\":\"EntryPoint\",\"urlTemplate\":\"https:\\\/\\\/grupomartinturiel.es\\\/?s={search_term_string}\"},\"query-input\":{\"@type\":\"PropertyValueSpecification\",\"valueRequired\":true,\"valueName\":\"search_term_string\"}}],\"inLanguage\":\"es\"},{\"@type\":\"Organization\",\"@id\":\"https:\\\/\\\/grupomartinturiel.es\\\/#organization\",\"name\":\"Grupo Martin Turiel, S.L.\",\"url\":\"https:\\\/\\\/grupomartinturiel.es\\\/\",\"logo\":{\"@type\":\"ImageObject\",\"inLanguage\":\"es\",\"@id\":\"https:\\\/\\\/grupomartinturiel.es\\\/#\\\/schema\\\/logo\\\/image\\\/\",\"url\":\"https:\\\/\\\/grupomartinturiel.es\\\/wp-content\\\/uploads\\\/2021\\\/03\\\/cropped-Logo-web-2.png\",\"contentUrl\":\"https:\\\/\\\/grupomartinturiel.es\\\/wp-content\\\/uploads\\\/2021\\\/03\\\/cropped-Logo-web-2.png\",\"width\":200,\"height\":94,\"caption\":\"Grupo Martin Turiel, S.L.\"},\"image\":{\"@id\":\"https:\\\/\\\/grupomartinturiel.es\\\/#\\\/schema\\\/logo\\\/image\\\/\"},\"sameAs\":[\"https:\\\/\\\/www.facebook.com\\\/grupomartinturiel\\\/\",\"https:\\\/\\\/x.com\\\/gmartinturiel\",\"https:\\\/\\\/www.instagram.com\\\/Grupomartinturiel\\\/\",\"https:\\\/\\\/www.linkedin.com\\\/company\\\/grupo-martin-turiel\"]}]}<\/script>\n<!-- \/ Yoast SEO plugin. -->","yoast_head_json":{"title":"Gesti\u00f3n contable y reforma PGC 2021\u00a0 - Grupo Martin Turiel","robots":{"index":"index","follow":"follow","max-snippet":"max-snippet:-1","max-image-preview":"max-image-preview:large","max-video-preview":"max-video-preview:-1"},"canonical":"https:\/\/grupomartinturiel.es\/?product=gestion-contable-y-reforma-pgc-2021","og_locale":"es_ES","og_type":"article","og_title":"Gesti\u00f3n contable y reforma PGC 2021\u00a0 - Grupo Martin Turiel","og_description":"INDICE GESTI\u00d3N CONTABLE Y REFORMA PGC 2021 Introducir al alumno en las bases de la contabilidad, que conozca qu\u00e9 son los principios contables, la partida doble, el Plan General de Contabilidad y c\u00f3mo se clasifican las cuentas. Conocer en qu\u00e9 consisten las novedades que introduce la reforma del Plan General de Contabilidad 2021 y c\u00f3mo &hellip; Gesti\u00f3n contable y reforma PGC 2021\u00a0 Leer m\u00e1s &raquo;","og_url":"https:\/\/grupomartinturiel.es\/?product=gestion-contable-y-reforma-pgc-2021","og_site_name":"Grupo Martin Turiel","article_publisher":"https:\/\/www.facebook.com\/grupomartinturiel\/","article_modified_time":"2023-03-14T14:09:05+00:00","og_image":[{"width":1920,"height":1297,"url":"https:\/\/grupomartinturiel.es\/wp-content\/uploads\/2021\/04\/Economia-y-finanzas.jpg","type":"image\/jpeg"}],"twitter_card":"summary_large_image","twitter_site":"@gmartinturiel","twitter_misc":{"Tiempo de lectura":"1 minuto"},"schema":{"@context":"https:\/\/schema.org","@graph":[{"@type":"WebPage","@id":"https:\/\/grupomartinturiel.es\/?product=gestion-contable-y-reforma-pgc-2021","url":"https:\/\/grupomartinturiel.es\/?product=gestion-contable-y-reforma-pgc-2021","name":"Gesti\u00f3n contable y reforma PGC 2021\u00a0 - Grupo Martin Turiel","isPartOf":{"@id":"https:\/\/grupomartinturiel.es\/#website"},"primaryImageOfPage":{"@id":"https:\/\/grupomartinturiel.es\/?product=gestion-contable-y-reforma-pgc-2021#primaryimage"},"image":{"@id":"https:\/\/grupomartinturiel.es\/?product=gestion-contable-y-reforma-pgc-2021#primaryimage"},"thumbnailUrl":"https:\/\/grupomartinturiel.es\/wp-content\/uploads\/2021\/04\/Economia-y-finanzas.jpg","datePublished":"2023-03-14T14:06:58+00:00","dateModified":"2023-03-14T14:09:05+00:00","breadcrumb":{"@id":"https:\/\/grupomartinturiel.es\/?product=gestion-contable-y-reforma-pgc-2021#breadcrumb"},"inLanguage":"es","potentialAction":[{"@type":"ReadAction","target":["https:\/\/grupomartinturiel.es\/?product=gestion-contable-y-reforma-pgc-2021"]}]},{"@type":"ImageObject","inLanguage":"es","@id":"https:\/\/grupomartinturiel.es\/?product=gestion-contable-y-reforma-pgc-2021#primaryimage","url":"https:\/\/grupomartinturiel.es\/wp-content\/uploads\/2021\/04\/Economia-y-finanzas.jpg","contentUrl":"https:\/\/grupomartinturiel.es\/wp-content\/uploads\/2021\/04\/Economia-y-finanzas.jpg","width":1920,"height":1297},{"@type":"BreadcrumbList","@id":"https:\/\/grupomartinturiel.es\/?product=gestion-contable-y-reforma-pgc-2021#breadcrumb","itemListElement":[{"@type":"ListItem","position":1,"name":"Portada","item":"https:\/\/grupomartinturiel.es\/"},{"@type":"ListItem","position":2,"name":"Cursos online bonificados","item":"https:\/\/grupomartinturiel.es\/?page_id=1495"},{"@type":"ListItem","position":3,"name":"Gesti\u00f3n contable y reforma PGC 2021\u00a0"}]},{"@type":"WebSite","@id":"https:\/\/grupomartinturiel.es\/#website","url":"https:\/\/grupomartinturiel.es\/","name":"Grupo Martin Turiel","description":"","publisher":{"@id":"https:\/\/grupomartinturiel.es\/#organization"},"potentialAction":[{"@type":"SearchAction","target":{"@type":"EntryPoint","urlTemplate":"https:\/\/grupomartinturiel.es\/?s={search_term_string}"},"query-input":{"@type":"PropertyValueSpecification","valueRequired":true,"valueName":"search_term_string"}}],"inLanguage":"es"},{"@type":"Organization","@id":"https:\/\/grupomartinturiel.es\/#organization","name":"Grupo Martin Turiel, S.L.","url":"https:\/\/grupomartinturiel.es\/","logo":{"@type":"ImageObject","inLanguage":"es","@id":"https:\/\/grupomartinturiel.es\/#\/schema\/logo\/image\/","url":"https:\/\/grupomartinturiel.es\/wp-content\/uploads\/2021\/03\/cropped-Logo-web-2.png","contentUrl":"https:\/\/grupomartinturiel.es\/wp-content\/uploads\/2021\/03\/cropped-Logo-web-2.png","width":200,"height":94,"caption":"Grupo Martin Turiel, S.L."},"image":{"@id":"https:\/\/grupomartinturiel.es\/#\/schema\/logo\/image\/"},"sameAs":["https:\/\/www.facebook.com\/grupomartinturiel\/","https:\/\/x.com\/gmartinturiel","https:\/\/www.instagram.com\/Grupomartinturiel\/","https:\/\/www.linkedin.com\/company\/grupo-martin-turiel"]}]}},"_links":{"self":[{"href":"https:\/\/grupomartinturiel.es\/index.php?rest_route=\/wp\/v2\/product\/7584","targetHints":{"allow":["GET"]}}],"collection":[{"href":"https:\/\/grupomartinturiel.es\/index.php?rest_route=\/wp\/v2\/product"}],"about":[{"href":"https:\/\/grupomartinturiel.es\/index.php?rest_route=\/wp\/v2\/types\/product"}],"replies":[{"embeddable":true,"href":"https:\/\/grupomartinturiel.es\/index.php?rest_route=%2Fwp%2Fv2%2Fcomments&post=7584"}],"wp:featuredmedia":[{"embeddable":true,"href":"https:\/\/grupomartinturiel.es\/index.php?rest_route=\/wp\/v2\/media\/514"}],"wp:attachment":[{"href":"https:\/\/grupomartinturiel.es\/index.php?rest_route=%2Fwp%2Fv2%2Fmedia&parent=7584"}],"wp:term":[{"taxonomy":"product_brand","embeddable":true,"href":"https:\/\/grupomartinturiel.es\/index.php?rest_route=%2Fwp%2Fv2%2Fproduct_brand&post=7584"},{"taxonomy":"product_cat","embeddable":true,"href":"https:\/\/grupomartinturiel.es\/index.php?rest_route=%2Fwp%2Fv2%2Fproduct_cat&post=7584"},{"taxonomy":"product_tag","embeddable":true,"href":"https:\/\/grupomartinturiel.es\/index.php?rest_route=%2Fwp%2Fv2%2Fproduct_tag&post=7584"}],"curies":[{"name":"wp","href":"https:\/\/api.w.org\/{rel}","templated":true}]}}